{"id":20040,"date":"2026-01-10T13:38:56","date_gmt":"2026-01-10T12:38:56","guid":{"rendered":"https:\/\/www.cristinanaan.com\/los-angeles-elopment\/"},"modified":"2026-02-25T18:36:50","modified_gmt":"2026-02-25T17:36:50","slug":"los-angeles-elopment","status":"publish","type":"page","link":"https:\/\/www.cristinanaan.com\/de\/los-angeles-elopment\/","title":{"rendered":"Los Angeles Elopment"},"content":{"rendered":"\t\t<div data-elementor-type=\"wp-page\" data-elementor-id=\"20040\" class=\"elementor elementor-20040 elementor-19971\">\n\t\t\t\t\t\t<section class=\"elementor-section elementor-top-section elementor-element elementor-element-40bce47 elementor-section-full_width elementor-section-height-min-height elementor-section-stretched elementor-section-content-top elementor-section-items-top elementor-section-height-default qodef-elementor-content-no\" data-id=\"40bce47\" data-element_type=\"section\" data-settings=\"{&quot;stretch_section&quot;:&quot;section-stretched&quot;}\">\n\t\t\t\t\t\t\t<div class=\"elementor-background-overlay\"><\/div>\n\t\t\t\t\t\t\t<div class=\"elementor-container elementor-column-gap-no\">\n\t\t\t\t\t<div class=\"elementor-column elementor-col-100 elementor-top-column elementor-element elementor-element-87bd4b7\" data-id=\"87bd4b7\" data-element_type=\"column\">\n\t\t\t<div class=\"elementor-widget-wrap elementor-element-populated\">\n\t\t\t\t\t\t<div class=\"elementor-element elementor-element-1bec55f5 elementor-widget__width-initial elementor-widget elementor-widget-cassia_core_section_title\" data-id=\"1bec55f5\" data-element_type=\"widget\" data-widget_type=\"cassia_core_section_title.default\">\n\t\t\t\t<div class=\"elementor-widget-container\">\n\t\t\t\t\t<div class=\"qodef-shortcode qodef-m  qodef-section-title qodef-alignment--center \">\n    \t\t    <\/div>\n\t\t\t\t<\/div>\n\t\t\t\t<\/div>\n\t\t\t\t<div class=\"elementor-element elementor-element-7da35926 elementor-widget elementor-widget-text-editor\" data-id=\"7da35926\" data-element_type=\"widget\" data-widget_type=\"text-editor.default\">\n\t\t\t\t<div class=\"elementor-widget-container\">\n\t\t\t\t\t\t\t\t\t<p><\/p>\n\t\t\t\t\t\t\t\t<\/div>\n\t\t\t\t<\/div>\n\t\t\t\t\t<\/div>\n\t\t<\/div>\n\t\t\t\t\t<\/div>\n\t\t<\/section>\n\t\t<div class=\"elementor-element elementor-element-2767edc5 e-flex e-con-boxed e-con e-parent\" data-id=\"2767edc5\" data-element_type=\"container\">\n\t\t\t\t\t<div class=\"e-con-inner\">\n\t\t\t\t<div class=\"elementor-element elementor-element-754de7d6 elementor-widget elementor-widget-heading\" data-id=\"754de7d6\" data-element_type=\"widget\" data-widget_type=\"heading.default\">\n\t\t\t\t<div class=\"elementor-widget-container\">\n\t\t\t\t\t<h2 class=\"elementor-heading-title elementor-size-default\">Ein sonnenverw\u00f6hntes Elopement in Los Angeles<\/h2>\t\t\t\t<\/div>\n\t\t\t\t<\/div>\n\t\t\t\t\t<\/div>\n\t\t\t\t<\/div>\n\t\t<div class=\"elementor-element elementor-element-62d01b2b e-flex e-con-boxed e-con e-parent\" data-id=\"62d01b2b\" data-element_type=\"container\">\n\t\t\t\t\t<div class=\"e-con-inner\">\n\t\t\t\t<div class=\"elementor-element elementor-element-70fd2ea6 elementor-widget elementor-widget-heading\" data-id=\"70fd2ea6\" data-element_type=\"widget\" data-widget_type=\"heading.default\">\n\t\t\t\t<div class=\"elementor-widget-container\">\n\t\t\t\t\t<h2 class=\"elementor-heading-title elementor-size-default\">VENICE BEACH &amp; DTLA LOS ANGELES<\/h2>\t\t\t\t<\/div>\n\t\t\t\t<\/div>\n\t\t\t\t\t<\/div>\n\t\t\t\t<\/div>\n\t\t<div class=\"elementor-element elementor-element-3f67bb2 e-flex e-con-boxed e-con e-parent\" data-id=\"3f67bb2\" data-element_type=\"container\">\n\t\t\t\t\t<div class=\"e-con-inner\">\n\t\t\t\t<div class=\"elementor-element elementor-element-a5dd551 elementor-widget elementor-widget-text-editor\" data-id=\"a5dd551\" data-element_type=\"widget\" data-widget_type=\"text-editor.default\">\n\t\t\t\t<div class=\"elementor-widget-container\">\n\t\t\t\t\t\t\t\t\t<p><strong>Manche Liebesgeschichten f\u00fchlen sich einfach von Anfang an richtig an.<\/strong><br \/>F\u00fcr J &amp; J entfaltete sich ihre Elopement-Hochzeit in Los Angeles unter der kalifornischen Sonne. Gepr\u00e4gt von Licht, Bewegung und der unverwechselbaren Leichtigkeit der Westk\u00fcste. Venice Beach, palmenges\u00e4umte Stra\u00dfen und der ruhige Puls von Downtown Los Angeles bildeten die Kulisse f\u00fcr eine Feier, die sich intim, modern und zutiefst pers\u00f6nlich anf\u00fchlte.<\/p>\n<p>Anstatt einem starren Zeitplan zu folgen, lie\u00dfen J &amp; J den Tag sie f\u00fchren.<br \/>Sie gingen durch Venice, hielten dort inne, wo sich das Licht richtig anf\u00fchlte, lachten zwischen den Momenten. Ihr Elopement f\u00fchlte sich weniger wie ein geplantes Ereignis an und vielmehr wie eine nat\u00fcrliche Verl\u00e4ngerung dessen, wer sie sind. Die salzige Meeresluft, die architektonischen Linien der Stadt und das go<\/p>\n\t\t\t\t\t\t\t\t<\/div>\n\t\t\t\t<\/div>\n\t\t\t\t\t<\/div>\n\t\t\t\t<\/div>\n\t\t<div class=\"elementor-element elementor-element-15d4d578 e-flex e-con-boxed e-con e-parent\" data-id=\"15d4d578\" data-element_type=\"container\">\n\t\t\t\t\t<div class=\"e-con-inner\">\n\t\t\t\t<div class=\"elementor-element elementor-element-6e580212 elementor-widget elementor-widget-qi_addons_for_elementor_image_gallery\" data-id=\"6e580212\" data-element_type=\"widget\" data-widget_type=\"qi_addons_for_elementor_image_gallery.default\">\n\t\t\t\t<div class=\"elementor-widget-container\">\n\t\t\t\t\t<div class=\"qodef-shortcode qodef-m qodef-qi-image-gallery qodef-image--hover-zoom qodef-qi-grid qodef-layout--qi-columns qodef-col-num--2 qodef-responsive--predefined\">\n\t<div class=\"qodef-grid-inner\">\n\t\t<div class=\"qodef-e qodef-image-wrapper qodef-grid-item\">\n\t<div class=\"qodef-e-inner\">\n\t\t\t\t\t<img fetchpriority=\"high\" decoding=\"async\" width=\"533\" height=\"800\" src=\"https:\/\/www.cristinanaan.com\/wp-content\/uploads\/2026\/01\/cristina-naan-los-angeles-venice-beach-destination-wedding-elopement.jpg\" class=\"attachment-full size-full\" alt=\"Los Angeles elopement in Venice Beach, California\" srcset=\"https:\/\/www.cristinanaan.com\/wp-content\/uploads\/2026\/01\/cristina-naan-los-angeles-venice-beach-destination-wedding-elopement.jpg 533w, https:\/\/www.cristinanaan.com\/wp-content\/uploads\/2026\/01\/cristina-naan-los-angeles-venice-beach-destination-wedding-elopement-200x300.jpg 200w\" sizes=\"(max-width: 533px) 100vw, 533px\" \/>\t\t\t<\/div>\n<\/div>\n<div class=\"qodef-e qodef-image-wrapper qodef-grid-item\">\n\t<div class=\"qodef-e-inner\">\n\t\t\t\t\t<img decoding=\"async\" width=\"533\" height=\"800\" src=\"https:\/\/www.cristinanaan.com\/wp-content\/uploads\/2026\/01\/cristina-naan-los-angeles-venice-beach-destination-wedding-couple.jpg\" class=\"attachment-full size-full\" alt=\"Los Angeles elopement in Venice Beach, California\" srcset=\"https:\/\/www.cristinanaan.com\/wp-content\/uploads\/2026\/01\/cristina-naan-los-angeles-venice-beach-destination-wedding-couple.jpg 533w, https:\/\/www.cristinanaan.com\/wp-content\/uploads\/2026\/01\/cristina-naan-los-angeles-venice-beach-destination-wedding-couple-200x300.jpg 200w\" sizes=\"(max-width: 533px) 100vw, 533px\" \/>\t\t\t<\/div>\n<\/div>\n<div class=\"qodef-e qodef-image-wrapper qodef-grid-item\">\n\t<div class=\"qodef-e-inner\">\n\t\t\t\t\t<img decoding=\"async\" width=\"533\" height=\"800\" src=\"https:\/\/www.cristinanaan.com\/wp-content\/uploads\/2026\/01\/cristina-naan-los-angeles-venice-beach-elopement-connection.jpg\" class=\"attachment-full size-full\" alt=\"Los Angeles elopement in Venice Beach, California\" srcset=\"https:\/\/www.cristinanaan.com\/wp-content\/uploads\/2026\/01\/cristina-naan-los-angeles-venice-beach-elopement-connection.jpg 533w, https:\/\/www.cristinanaan.com\/wp-content\/uploads\/2026\/01\/cristina-naan-los-angeles-venice-beach-elopement-connection-200x300.jpg 200w\" sizes=\"(max-width: 533px) 100vw, 533px\" \/>\t\t\t<\/div>\n<\/div>\n<div class=\"qodef-e qodef-image-wrapper qodef-grid-item\">\n\t<div class=\"qodef-e-inner\">\n\t\t\t\t\t<img loading=\"lazy\" decoding=\"async\" width=\"533\" height=\"800\" src=\"https:\/\/www.cristinanaan.com\/wp-content\/uploads\/2026\/01\/cristina-naan-los-angeles-venice-beach-elopement-kiss.jpg\" class=\"attachment-full size-full\" alt=\"Los Angeles elopement in Venice Beach, California\" srcset=\"https:\/\/www.cristinanaan.com\/wp-content\/uploads\/2026\/01\/cristina-naan-los-angeles-venice-beach-elopement-kiss.jpg 533w, https:\/\/www.cristinanaan.com\/wp-content\/uploads\/2026\/01\/cristina-naan-los-angeles-venice-beach-elopement-kiss-200x300.jpg 200w\" sizes=\"(max-width: 533px) 100vw, 533px\" \/>\t\t\t<\/div>\n<\/div>\n<div class=\"qodef-e qodef-image-wrapper qodef-grid-item\">\n\t<div class=\"qodef-e-inner\">\n\t\t\t\t\t<img loading=\"lazy\" decoding=\"async\" width=\"533\" height=\"800\" src=\"https:\/\/www.cristinanaan.com\/wp-content\/uploads\/2026\/01\/cristina-naan-los-angeles-venice-beach-destination-wedding-love.jpg\" class=\"attachment-full size-full\" alt=\"Los Angeles elopement in Venice Beach, California\" srcset=\"https:\/\/www.cristinanaan.com\/wp-content\/uploads\/2026\/01\/cristina-naan-los-angeles-venice-beach-destination-wedding-love.jpg 533w, https:\/\/www.cristinanaan.com\/wp-content\/uploads\/2026\/01\/cristina-naan-los-angeles-venice-beach-destination-wedding-love-200x300.jpg 200w\" sizes=\"(max-width: 533px) 100vw, 533px\" \/>\t\t\t<\/div>\n<\/div>\n<div class=\"qodef-e qodef-image-wrapper qodef-grid-item\">\n\t<div class=\"qodef-e-inner\">\n\t\t\t\t\t<img loading=\"lazy\" decoding=\"async\" width=\"533\" height=\"800\" src=\"https:\/\/www.cristinanaan.com\/wp-content\/uploads\/2026\/01\/cristina-naan-los-angeles-venice-beach-elopement-wedding-dress.jpg\" class=\"attachment-full size-full\" alt=\"Los Angeles elopement in Venice Beach, California\" srcset=\"https:\/\/www.cristinanaan.com\/wp-content\/uploads\/2026\/01\/cristina-naan-los-angeles-venice-beach-elopement-wedding-dress.jpg 533w, https:\/\/www.cristinanaan.com\/wp-content\/uploads\/2026\/01\/cristina-naan-los-angeles-venice-beach-elopement-wedding-dress-200x300.jpg 200w\" sizes=\"(max-width: 533px) 100vw, 533px\" \/>\t\t\t<\/div>\n<\/div>\n<div class=\"qodef-e qodef-image-wrapper qodef-grid-item\">\n\t<div class=\"qodef-e-inner\">\n\t\t\t\t\t<img loading=\"lazy\" decoding=\"async\" width=\"533\" height=\"800\" src=\"https:\/\/www.cristinanaan.com\/wp-content\/uploads\/2026\/01\/cristina-naan-los-angeles-venice-beach-elopement.jpg\" class=\"attachment-full size-full\" alt=\"Los Angeles elopement in Venice Beach, California\" srcset=\"https:\/\/www.cristinanaan.com\/wp-content\/uploads\/2026\/01\/cristina-naan-los-angeles-venice-beach-elopement.jpg 533w, https:\/\/www.cristinanaan.com\/wp-content\/uploads\/2026\/01\/cristina-naan-los-angeles-venice-beach-elopement-200x300.jpg 200w\" sizes=\"(max-width: 533px) 100vw, 533px\" \/>\t\t\t<\/div>\n<\/div>\n<div class=\"qodef-e qodef-image-wrapper qodef-grid-item\">\n\t<div class=\"qodef-e-inner\">\n\t\t\t\t\t<img loading=\"lazy\" decoding=\"async\" width=\"533\" height=\"800\" src=\"https:\/\/www.cristinanaan.com\/wp-content\/uploads\/2026\/01\/cristina-naan-los-angeles-venice-beach-elopement-love.jpg\" class=\"attachment-full size-full\" alt=\"Los Angeles elopement in Venice Beach, California\" srcset=\"https:\/\/www.cristinanaan.com\/wp-content\/uploads\/2026\/01\/cristina-naan-los-angeles-venice-beach-elopement-love.jpg 533w, https:\/\/www.cristinanaan.com\/wp-content\/uploads\/2026\/01\/cristina-naan-los-angeles-venice-beach-elopement-love-200x300.jpg 200w\" sizes=\"(max-width: 533px) 100vw, 533px\" \/>\t\t\t<\/div>\n<\/div>\n<div class=\"qodef-e qodef-image-wrapper qodef-grid-item\">\n\t<div class=\"qodef-e-inner\">\n\t\t\t\t\t<img loading=\"lazy\" decoding=\"async\" width=\"533\" height=\"800\" src=\"https:\/\/www.cristinanaan.com\/wp-content\/uploads\/2026\/01\/cristina-naan-los-angeles-venice-beach-destination-wedding-inspiration.jpg\" class=\"attachment-full size-full\" alt=\"Los Angeles elopement in Venice Beach, California\" srcset=\"https:\/\/www.cristinanaan.com\/wp-content\/uploads\/2026\/01\/cristina-naan-los-angeles-venice-beach-destination-wedding-inspiration.jpg 533w, https:\/\/www.cristinanaan.com\/wp-content\/uploads\/2026\/01\/cristina-naan-los-angeles-venice-beach-destination-wedding-inspiration-200x300.jpg 200w\" sizes=\"(max-width: 533px) 100vw, 533px\" \/>\t\t\t<\/div>\n<\/div>\n<div class=\"qodef-e qodef-image-wrapper qodef-grid-item\">\n\t<div class=\"qodef-e-inner\">\n\t\t\t\t\t<img loading=\"lazy\" decoding=\"async\" width=\"533\" height=\"800\" src=\"https:\/\/www.cristinanaan.com\/wp-content\/uploads\/2026\/01\/cristina-naan-los-angeles-downtown-destination-wedding-elopement.jpg\" class=\"attachment-full size-full\" alt=\"Los Angeles elopement in Downtown Los Angeles, California\" srcset=\"https:\/\/www.cristinanaan.com\/wp-content\/uploads\/2026\/01\/cristina-naan-los-angeles-downtown-destination-wedding-elopement.jpg 533w, https:\/\/www.cristinanaan.com\/wp-content\/uploads\/2026\/01\/cristina-naan-los-angeles-downtown-destination-wedding-elopement-200x300.jpg 200w\" sizes=\"(max-width: 533px) 100vw, 533px\" \/>\t\t\t<\/div>\n<\/div>\n<div class=\"qodef-e qodef-image-wrapper qodef-grid-item\">\n\t<div class=\"qodef-e-inner\">\n\t\t\t\t\t<img loading=\"lazy\" decoding=\"async\" width=\"533\" height=\"800\" src=\"https:\/\/www.cristinanaan.com\/wp-content\/uploads\/2026\/01\/cristina-naan-los-angeles-downtown-destination-wedding-love.jpg\" class=\"attachment-full size-full\" alt=\"Los Angeles elopement in Downtown Los Angeles, California\" srcset=\"https:\/\/www.cristinanaan.com\/wp-content\/uploads\/2026\/01\/cristina-naan-los-angeles-downtown-destination-wedding-love.jpg 533w, https:\/\/www.cristinanaan.com\/wp-content\/uploads\/2026\/01\/cristina-naan-los-angeles-downtown-destination-wedding-love-200x300.jpg 200w\" sizes=\"(max-width: 533px) 100vw, 533px\" \/>\t\t\t<\/div>\n<\/div>\n<div class=\"qodef-e qodef-image-wrapper qodef-grid-item\">\n\t<div class=\"qodef-e-inner\">\n\t\t\t\t\t<img loading=\"lazy\" decoding=\"async\" width=\"533\" height=\"800\" src=\"https:\/\/www.cristinanaan.com\/wp-content\/uploads\/2026\/01\/cristina-naan-los-angeles-west-coast-wedding-dtla.jpg\" class=\"attachment-full size-full\" alt=\"Los Angeles elopement in Downtown Los Angeles, California\" srcset=\"https:\/\/www.cristinanaan.com\/wp-content\/uploads\/2026\/01\/cristina-naan-los-angeles-west-coast-wedding-dtla.jpg 533w, https:\/\/www.cristinanaan.com\/wp-content\/uploads\/2026\/01\/cristina-naan-los-angeles-west-coast-wedding-dtla-200x300.jpg 200w\" sizes=\"(max-width: 533px) 100vw, 533px\" \/>\t\t\t<\/div>\n<\/div>\n\t<\/div>\n<\/div>\n\t\t\t\t<\/div>\n\t\t\t\t<\/div>\n\t\t\t\t\t<\/div>\n\t\t\t\t<\/div>\n\t\t<div class=\"elementor-element elementor-element-b32374e e-flex e-con-boxed e-con e-parent\" data-id=\"b32374e\" data-element_type=\"container\">\n\t\t\t\t\t<div class=\"e-con-inner\">\n\t\t\t\t<div class=\"elementor-element elementor-element-7a6e9a6 elementor-widget elementor-widget-image\" data-id=\"7a6e9a6\" data-element_type=\"widget\" data-widget_type=\"image.default\">\n\t\t\t\t<div class=\"elementor-widget-container\">\n\t\t\t\t\t\t\t\t\t\t\t\t\t\t\t<img loading=\"lazy\" decoding=\"async\" width=\"1024\" height=\"683\" src=\"https:\/\/www.cristinanaan.com\/wp-content\/uploads\/2026\/01\/cristina-naan-los-angeles-destination-wedding-dtla-kiss-1024x683.jpg\" class=\"attachment-large size-large wp-image-19983\" alt=\"\" srcset=\"https:\/\/www.cristinanaan.com\/wp-content\/uploads\/2026\/01\/cristina-naan-los-angeles-destination-wedding-dtla-kiss-1024x683.jpg 1024w, https:\/\/www.cristinanaan.com\/wp-content\/uploads\/2026\/01\/cristina-naan-los-angeles-destination-wedding-dtla-kiss-300x200.jpg 300w, https:\/\/www.cristinanaan.com\/wp-content\/uploads\/2026\/01\/cristina-naan-los-angeles-destination-wedding-dtla-kiss-768x512.jpg 768w, https:\/\/www.cristinanaan.com\/wp-content\/uploads\/2026\/01\/cristina-naan-los-angeles-destination-wedding-dtla-kiss-600x400.jpg 600w, https:\/\/www.cristinanaan.com\/wp-content\/uploads\/2026\/01\/cristina-naan-los-angeles-destination-wedding-dtla-kiss.jpg 1200w\" sizes=\"(max-width: 1024px) 100vw, 1024px\" \/>\t\t\t\t\t\t\t\t\t\t\t\t\t\t\t<\/div>\n\t\t\t\t<\/div>\n\t\t\t\t\t<\/div>\n\t\t\t\t<\/div>\n\t\t<div class=\"elementor-element elementor-element-35692b1 e-flex e-con-boxed e-con e-parent\" data-id=\"35692b1\" data-element_type=\"container\">\n\t\t\t\t\t<div class=\"e-con-inner\">\n\t\t\t\t<div class=\"elementor-element elementor-element-0a67bc6 elementor-widget elementor-widget-image\" data-id=\"0a67bc6\" data-element_type=\"widget\" data-widget_type=\"image.default\">\n\t\t\t\t<div class=\"elementor-widget-container\">\n\t\t\t\t\t\t\t\t\t\t\t\t\t\t\t<img loading=\"lazy\" decoding=\"async\" width=\"1024\" height=\"683\" src=\"https:\/\/www.cristinanaan.com\/wp-content\/uploads\/2026\/01\/cristina-naan-los-angeles-destination-wedding-dtla-elopement_inspiration-1024x683.jpg\" class=\"attachment-large size-large wp-image-19988\" alt=\"\" srcset=\"https:\/\/www.cristinanaan.com\/wp-content\/uploads\/2026\/01\/cristina-naan-los-angeles-destination-wedding-dtla-elopement_inspiration-1024x683.jpg 1024w, https:\/\/www.cristinanaan.com\/wp-content\/uploads\/2026\/01\/cristina-naan-los-angeles-destination-wedding-dtla-elopement_inspiration-300x200.jpg 300w, https:\/\/www.cristinanaan.com\/wp-content\/uploads\/2026\/01\/cristina-naan-los-angeles-destination-wedding-dtla-elopement_inspiration-768x512.jpg 768w, https:\/\/www.cristinanaan.com\/wp-content\/uploads\/2026\/01\/cristina-naan-los-angeles-destination-wedding-dtla-elopement_inspiration-1536x1024.jpg 1536w, https:\/\/www.cristinanaan.com\/wp-content\/uploads\/2026\/01\/cristina-naan-los-angeles-destination-wedding-dtla-elopement_inspiration-2048x1365.jpg 2048w, https:\/\/www.cristinanaan.com\/wp-content\/uploads\/2026\/01\/cristina-naan-los-angeles-destination-wedding-dtla-elopement_inspiration-600x400.jpg 600w\" sizes=\"(max-width: 1024px) 100vw, 1024px\" \/>\t\t\t\t\t\t\t\t\t\t\t\t\t\t\t<\/div>\n\t\t\t\t<\/div>\n\t\t\t\t\t<\/div>\n\t\t\t\t<\/div>\n\t\t\t\t<\/div>\n\t\t","protected":false},"excerpt":{"rendered":"<p>Ein sonnenverw\u00f6hntes Elopement in Los Angeles VENICE BEACH &amp; DTLA LOS ANGELES Manche Liebesgeschichten f\u00fchlen sich einfach von Anfang an richtig an.F\u00fcr J &amp; J entfaltete sich ihre Elopement-Hochzeit in Los Angeles unter der kalifornischen Sonne. Gepr\u00e4gt von Licht, Bewegung und der unverwechselbaren Leichtigkeit der Westk\u00fcste. Venice Beach, palmenges\u00e4umte Stra\u00dfen und der ruhige Puls von [&hellip;]<\/p>\n","protected":false},"author":1,"featured_media":0,"parent":0,"menu_order":0,"comment_status":"closed","ping_status":"closed","template":"","meta":{"_monsterinsights_skip_tracking":false,"_monsterinsights_sitenote_active":false,"_monsterinsights_sitenote_note":"","_monsterinsights_sitenote_category":0,"footnotes":""},"class_list":["post-20040","page","type-page","status-publish","hentry"],"aioseo_notices":[],"yoast_head":"<!-- This site is optimized with the Yoast SEO plugin v26.2 - https:\/\/yoast.com\/wordpress\/plugins\/seo\/ -->\n<title>Los Angeles Elopment Cristina Naan California Photographer<\/title>\n<meta name=\"description\" content=\"Eine sonnenverw\u00f6hnte Elopement-Hochzeit in Los Angeles an der kalifornischen K\u00fcste.\" \/>\n<meta name=\"robots\" content=\"index, follow, max-snippet:-1, max-image-preview:large, max-video-preview:-1\" \/>\n<link rel=\"canonical\" href=\"https:\/\/www.cristinanaan.com\/los-angeles-elopement\/\" \/>\n<meta property=\"og:locale\" content=\"de_DE\" \/>\n<meta property=\"og:type\" content=\"article\" \/>\n<meta property=\"og:title\" content=\"Los Angeles Elopment Cristina Naan California Photographer\" \/>\n<meta property=\"og:description\" content=\"Eine sonnenverw\u00f6hnte Elopement-Hochzeit in Los Angeles an der kalifornischen K\u00fcste.\" \/>\n<meta property=\"og:url\" content=\"https:\/\/www.cristinanaan.com\/los-angeles-elopement\/\" \/>\n<meta property=\"og:site_name\" content=\"Cristina Naan\" \/>\n<meta property=\"article:modified_time\" content=\"2026-02-25T17:36:50+00:00\" \/>\n<meta property=\"og:image\" content=\"https:\/\/www.cristinanaan.com\/wp-content\/uploads\/2026\/01\/cristina-naan-los-angeles-venice-beach-destination-wedding-elopement.jpg\" \/>\n<meta name=\"twitter:card\" content=\"summary_large_image\" \/>\n<meta name=\"twitter:label1\" content=\"Gesch\u00e4tzte Lesezeit\" \/>\n\t<meta name=\"twitter:data1\" content=\"1\u00a0Minute\" \/>\n<script type=\"application\/ld+json\" class=\"yoast-schema-graph\">{\"@context\":\"https:\/\/schema.org\",\"@graph\":[{\"@type\":\"WebPage\",\"@id\":\"https:\/\/www.cristinanaan.com\/los-angeles-elopement\/\",\"url\":\"https:\/\/www.cristinanaan.com\/los-angeles-elopement\/\",\"name\":\"Los Angeles Elopment Cristina Naan California Photographer\",\"isPartOf\":{\"@id\":\"https:\/\/www.cristinanaan.com\/#website\"},\"primaryImageOfPage\":{\"@id\":\"https:\/\/www.cristinanaan.com\/los-angeles-elopement\/#primaryimage\"},\"image\":{\"@id\":\"https:\/\/www.cristinanaan.com\/los-angeles-elopement\/#primaryimage\"},\"thumbnailUrl\":\"https:\/\/www.cristinanaan.com\/wp-content\/uploads\/2026\/01\/cristina-naan-los-angeles-venice-beach-destination-wedding-elopement.jpg\",\"datePublished\":\"2026-01-10T12:38:56+00:00\",\"dateModified\":\"2026-02-25T17:36:50+00:00\",\"description\":\"Eine sonnenverw\u00f6hnte Elopement-Hochzeit in Los Angeles an der kalifornischen K\u00fcste.\",\"breadcrumb\":{\"@id\":\"https:\/\/www.cristinanaan.com\/los-angeles-elopement\/#breadcrumb\"},\"inLanguage\":\"de\",\"potentialAction\":[{\"@type\":\"ReadAction\",\"target\":[\"https:\/\/www.cristinanaan.com\/los-angeles-elopement\/\"]}]},{\"@type\":\"ImageObject\",\"inLanguage\":\"de\",\"@id\":\"https:\/\/www.cristinanaan.com\/los-angeles-elopement\/#primaryimage\",\"url\":\"https:\/\/www.cristinanaan.com\/wp-content\/uploads\/2026\/01\/cristina-naan-los-angeles-venice-beach-destination-wedding-elopement.jpg\",\"contentUrl\":\"https:\/\/www.cristinanaan.com\/wp-content\/uploads\/2026\/01\/cristina-naan-los-angeles-venice-beach-destination-wedding-elopement.jpg\"},{\"@type\":\"BreadcrumbList\",\"@id\":\"https:\/\/www.cristinanaan.com\/los-angeles-elopement\/#breadcrumb\",\"itemListElement\":[{\"@type\":\"ListItem\",\"position\":1,\"name\":\"Home\",\"item\":\"https:\/\/www.cristinanaan.com\/\"},{\"@type\":\"ListItem\",\"position\":2,\"name\":\"Los Angeles Elopment\"}]},{\"@type\":\"WebSite\",\"@id\":\"https:\/\/www.cristinanaan.com\/#website\",\"url\":\"https:\/\/www.cristinanaan.com\/\",\"name\":\"Cristina Naan\",\"description\":\"Destination Wedding Photographer \u2013 Lake Como, Paris, California &amp; Worldwide\",\"potentialAction\":[{\"@type\":\"SearchAction\",\"target\":{\"@type\":\"EntryPoint\",\"urlTemplate\":\"https:\/\/www.cristinanaan.com\/?s={search_term_string}\"},\"query-input\":{\"@type\":\"PropertyValueSpecification\",\"valueRequired\":true,\"valueName\":\"search_term_string\"}}],\"inLanguage\":\"de\"}]}<\/script>\n<!-- \/ Yoast SEO plugin. -->","yoast_head_json":{"title":"Los Angeles Elopment Cristina Naan California Photographer","description":"Eine sonnenverw\u00f6hnte Elopement-Hochzeit in Los Angeles an der kalifornischen K\u00fcste.","robots":{"index":"index","follow":"follow","max-snippet":"max-snippet:-1","max-image-preview":"max-image-preview:large","max-video-preview":"max-video-preview:-1"},"canonical":"https:\/\/www.cristinanaan.com\/los-angeles-elopement\/","og_locale":"de_DE","og_type":"article","og_title":"Los Angeles Elopment Cristina Naan California Photographer","og_description":"Eine sonnenverw\u00f6hnte Elopement-Hochzeit in Los Angeles an der kalifornischen K\u00fcste.","og_url":"https:\/\/www.cristinanaan.com\/los-angeles-elopement\/","og_site_name":"Cristina Naan","article_modified_time":"2026-02-25T17:36:50+00:00","og_image":[{"url":"https:\/\/www.cristinanaan.com\/wp-content\/uploads\/2026\/01\/cristina-naan-los-angeles-venice-beach-destination-wedding-elopement.jpg","type":"","width":"","height":""}],"twitter_card":"summary_large_image","twitter_misc":{"Gesch\u00e4tzte Lesezeit":"1\u00a0Minute"},"schema":{"@context":"https:\/\/schema.org","@graph":[{"@type":"WebPage","@id":"https:\/\/www.cristinanaan.com\/los-angeles-elopement\/","url":"https:\/\/www.cristinanaan.com\/los-angeles-elopement\/","name":"Los Angeles Elopment Cristina Naan California Photographer","isPartOf":{"@id":"https:\/\/www.cristinanaan.com\/#website"},"primaryImageOfPage":{"@id":"https:\/\/www.cristinanaan.com\/los-angeles-elopement\/#primaryimage"},"image":{"@id":"https:\/\/www.cristinanaan.com\/los-angeles-elopement\/#primaryimage"},"thumbnailUrl":"https:\/\/www.cristinanaan.com\/wp-content\/uploads\/2026\/01\/cristina-naan-los-angeles-venice-beach-destination-wedding-elopement.jpg","datePublished":"2026-01-10T12:38:56+00:00","dateModified":"2026-02-25T17:36:50+00:00","description":"Eine sonnenverw\u00f6hnte Elopement-Hochzeit in Los Angeles an der kalifornischen K\u00fcste.","breadcrumb":{"@id":"https:\/\/www.cristinanaan.com\/los-angeles-elopement\/#breadcrumb"},"inLanguage":"de","potentialAction":[{"@type":"ReadAction","target":["https:\/\/www.cristinanaan.com\/los-angeles-elopement\/"]}]},{"@type":"ImageObject","inLanguage":"de","@id":"https:\/\/www.cristinanaan.com\/los-angeles-elopement\/#primaryimage","url":"https:\/\/www.cristinanaan.com\/wp-content\/uploads\/2026\/01\/cristina-naan-los-angeles-venice-beach-destination-wedding-elopement.jpg","contentUrl":"https:\/\/www.cristinanaan.com\/wp-content\/uploads\/2026\/01\/cristina-naan-los-angeles-venice-beach-destination-wedding-elopement.jpg"},{"@type":"BreadcrumbList","@id":"https:\/\/www.cristinanaan.com\/los-angeles-elopement\/#breadcrumb","itemListElement":[{"@type":"ListItem","position":1,"name":"Home","item":"https:\/\/www.cristinanaan.com\/"},{"@type":"ListItem","position":2,"name":"Los Angeles Elopment"}]},{"@type":"WebSite","@id":"https:\/\/www.cristinanaan.com\/#website","url":"https:\/\/www.cristinanaan.com\/","name":"Cristina Naan","description":"Destination Wedding Photographer \u2013 Lake Como, Paris, California &amp; Worldwide","potentialAction":[{"@type":"SearchAction","target":{"@type":"EntryPoint","urlTemplate":"https:\/\/www.cristinanaan.com\/?s={search_term_string}"},"query-input":{"@type":"PropertyValueSpecification","valueRequired":true,"valueName":"search_term_string"}}],"inLanguage":"de"}]}},"_links":{"self":[{"href":"https:\/\/www.cristinanaan.com\/de\/wp-json\/wp\/v2\/pages\/20040","targetHints":{"allow":["GET"]}}],"collection":[{"href":"https:\/\/www.cristinanaan.com\/de\/wp-json\/wp\/v2\/pages"}],"about":[{"href":"https:\/\/www.cristinanaan.com\/de\/wp-json\/wp\/v2\/types\/page"}],"author":[{"embeddable":true,"href":"https:\/\/www.cristinanaan.com\/de\/wp-json\/wp\/v2\/users\/1"}],"replies":[{"embeddable":true,"href":"https:\/\/www.cristinanaan.com\/de\/wp-json\/wp\/v2\/comments?post=20040"}],"version-history":[{"count":4,"href":"https:\/\/www.cristinanaan.com\/de\/wp-json\/wp\/v2\/pages\/20040\/revisions"}],"predecessor-version":[{"id":20418,"href":"https:\/\/www.cristinanaan.com\/de\/wp-json\/wp\/v2\/pages\/20040\/revisions\/20418"}],"wp:attachment":[{"href":"https:\/\/www.cristinanaan.com\/de\/wp-json\/wp\/v2\/media?parent=20040"}],"curies":[{"name":"wp","href":"https:\/\/api.w.org\/{rel}","templated":true}]}}