{"id":19937,"date":"2025-11-30T14:01:00","date_gmt":"2025-11-30T13:01:00","guid":{"rendered":"https:\/\/www.cristinanaan.com\/morrhof\/"},"modified":"2026-01-10T12:00:46","modified_gmt":"2026-01-10T11:00:46","slug":"morrhof","status":"publish","type":"page","link":"https:\/\/www.cristinanaan.com\/de\/morrhof\/","title":{"rendered":"Morrhof"},"content":{"rendered":"\t\t<div data-elementor-type=\"wp-page\" data-elementor-id=\"19937\" class=\"elementor elementor-19937 elementor-19567\">\n\t\t\t\t<div class=\"elementor-element elementor-element-e110d90 e-flex e-con-boxed e-con e-parent\" data-id=\"e110d90\" data-element_type=\"container\">\n\t\t\t\t\t<div class=\"e-con-inner\">\n\t\t\t\t<div class=\"elementor-element elementor-element-5b5404d elementor-widget elementor-widget-text-editor\" data-id=\"5b5404d\" data-element_type=\"widget\" data-widget_type=\"text-editor.default\">\n\t\t\t\t<div class=\"elementor-widget-container\">\n\t\t\t\t\t\t\t\t\t<p>Obwohl diese Hochzeit im Herzen Deutschlands stattfand, trug sie die Seele eines europ\u00e4ischen Sommers in sich. Mit hohen Zypressen, skulpturalen Topiarien, goldenem Kerzenlicht und einer sanften, wei\u00dfen Farbpalette im Stil einer eleganten Lake-Como-Inspiration. Das gl\u00e4serne Dach des Gew\u00e4chshauses schuf eine au\u00dfergew\u00f6hnliche Verbindung aus Natur und Architektur und machte diese Hochzeit im Gew\u00e4chshaus zu einem besonderen Erlebnis, bei dem die G\u00e4ste unter schwebendem Gr\u00fcn und warmen mediterranen Texturen dinieren konnten.<br data-start=\"2037\" data-end=\"2040\" \/><br \/>Jedes Detail, vom Champagnerturm bis zur sorgf\u00e4ltig kuratierten Tischdekoration, erinnerte an eine elegante Garten-Soir\u00e9e. Zeitlos, international und inspiriert vom modernen Destination-Wedding-Stil in Europa.<\/p>\n\t\t\t\t\t\t\t\t<\/div>\n\t\t\t\t<\/div>\n\t\t\t\t\t<\/div>\n\t\t\t\t<\/div>\n\t\t<div class=\"elementor-element elementor-element-7226eca e-grid e-con-boxed e-con e-parent\" data-id=\"7226eca\" data-element_type=\"container\">\n\t\t\t\t\t<div class=\"e-con-inner\">\n\t\t\t\t<div class=\"elementor-element elementor-element-913cdc6 elementor-widget elementor-widget-image\" data-id=\"913cdc6\" data-element_type=\"widget\" data-widget_type=\"image.default\">\n\t\t\t\t<div class=\"elementor-widget-container\">\n\t\t\t\t\t\t\t\t\t\t\t\t\t\t\t<img fetchpriority=\"high\" decoding=\"async\" width=\"533\" height=\"800\" src=\"https:\/\/www.cristinanaan.com\/wp-content\/uploads\/2025\/11\/cristina-naan-morrhof-destination-wedding-photographer-venue.jpg\" class=\"attachment-large size-large wp-image-19571\" alt=\"\" srcset=\"https:\/\/www.cristinanaan.com\/wp-content\/uploads\/2025\/11\/cristina-naan-morrhof-destination-wedding-photographer-venue.jpg 533w, https:\/\/www.cristinanaan.com\/wp-content\/uploads\/2025\/11\/cristina-naan-morrhof-destination-wedding-photographer-venue-200x300.jpg 200w\" sizes=\"(max-width: 533px) 100vw, 533px\" \/>\t\t\t\t\t\t\t\t\t\t\t\t\t\t\t<\/div>\n\t\t\t\t<\/div>\n\t\t\t\t<div class=\"elementor-element elementor-element-cbe11dc elementor-widget elementor-widget-image\" data-id=\"cbe11dc\" data-element_type=\"widget\" data-widget_type=\"image.default\">\n\t\t\t\t<div class=\"elementor-widget-container\">\n\t\t\t\t\t\t\t\t\t\t\t\t\t\t\t<img decoding=\"async\" width=\"533\" height=\"800\" src=\"https:\/\/www.cristinanaan.com\/wp-content\/uploads\/2025\/11\/cristina-naan-morrhof-destination-wedding-photographer-venue2.jpg\" class=\"attachment-large size-large wp-image-19569\" alt=\"\" srcset=\"https:\/\/www.cristinanaan.com\/wp-content\/uploads\/2025\/11\/cristina-naan-morrhof-destination-wedding-photographer-venue2.jpg 533w, https:\/\/www.cristinanaan.com\/wp-content\/uploads\/2025\/11\/cristina-naan-morrhof-destination-wedding-photographer-venue2-200x300.jpg 200w\" sizes=\"(max-width: 533px) 100vw, 533px\" \/>\t\t\t\t\t\t\t\t\t\t\t\t\t\t\t<\/div>\n\t\t\t\t<\/div>\n\t\t\t\t\t<\/div>\n\t\t\t\t<\/div>\n\t\t<div class=\"elementor-element elementor-element-9451323 e-grid e-con-boxed e-con e-parent\" data-id=\"9451323\" data-element_type=\"container\">\n\t\t\t\t\t<div class=\"e-con-inner\">\n\t\t\t\t<div class=\"elementor-element elementor-element-145b74f elementor-widget elementor-widget-image\" data-id=\"145b74f\" data-element_type=\"widget\" data-widget_type=\"image.default\">\n\t\t\t\t<div class=\"elementor-widget-container\">\n\t\t\t\t\t\t\t\t\t\t\t\t\t\t\t<img decoding=\"async\" width=\"533\" height=\"800\" src=\"https:\/\/www.cristinanaan.com\/wp-content\/uploads\/2025\/11\/cristina-naan-morrhof-destination-wedding-photographer-bride-father.jpg\" class=\"attachment-large size-large wp-image-19585\" alt=\"\" srcset=\"https:\/\/www.cristinanaan.com\/wp-content\/uploads\/2025\/11\/cristina-naan-morrhof-destination-wedding-photographer-bride-father.jpg 533w, https:\/\/www.cristinanaan.com\/wp-content\/uploads\/2025\/11\/cristina-naan-morrhof-destination-wedding-photographer-bride-father-200x300.jpg 200w\" sizes=\"(max-width: 533px) 100vw, 533px\" \/>\t\t\t\t\t\t\t\t\t\t\t\t\t\t\t<\/div>\n\t\t\t\t<\/div>\n\t\t\t\t<div class=\"elementor-element elementor-element-c5e65c7 elementor-widget elementor-widget-image\" data-id=\"c5e65c7\" data-element_type=\"widget\" data-widget_type=\"image.default\">\n\t\t\t\t<div class=\"elementor-widget-container\">\n\t\t\t\t\t\t\t\t\t\t\t\t\t\t\t<img loading=\"lazy\" decoding=\"async\" width=\"533\" height=\"800\" src=\"https:\/\/www.cristinanaan.com\/wp-content\/uploads\/2025\/11\/cristina-naan-morrhof-destination-wedding-photographer-table-chandelier.jpg\" class=\"attachment-large size-large wp-image-19603\" alt=\"\" srcset=\"https:\/\/www.cristinanaan.com\/wp-content\/uploads\/2025\/11\/cristina-naan-morrhof-destination-wedding-photographer-table-chandelier.jpg 533w, https:\/\/www.cristinanaan.com\/wp-content\/uploads\/2025\/11\/cristina-naan-morrhof-destination-wedding-photographer-table-chandelier-200x300.jpg 200w\" sizes=\"(max-width: 533px) 100vw, 533px\" \/>\t\t\t\t\t\t\t\t\t\t\t\t\t\t\t<\/div>\n\t\t\t\t<\/div>\n\t\t\t\t\t<\/div>\n\t\t\t\t<\/div>\n\t\t<div class=\"elementor-element elementor-element-56e1ec9 e-grid e-con-boxed e-con e-parent\" data-id=\"56e1ec9\" data-element_type=\"container\">\n\t\t\t\t\t<div class=\"e-con-inner\">\n\t\t\t\t<div class=\"elementor-element elementor-element-546b059 elementor-widget elementor-widget-image\" data-id=\"546b059\" data-element_type=\"widget\" data-widget_type=\"image.default\">\n\t\t\t\t<div class=\"elementor-widget-container\">\n\t\t\t\t\t\t\t\t\t\t\t\t\t\t\t<img loading=\"lazy\" decoding=\"async\" width=\"533\" height=\"800\" src=\"https:\/\/www.cristinanaan.com\/wp-content\/uploads\/2025\/11\/cristina-naan-morrhof-destination-wedding-bridal-shoes-jimmy-choo.jpg\" class=\"attachment-large size-large wp-image-19577\" alt=\"\" srcset=\"https:\/\/www.cristinanaan.com\/wp-content\/uploads\/2025\/11\/cristina-naan-morrhof-destination-wedding-bridal-shoes-jimmy-choo.jpg 533w, https:\/\/www.cristinanaan.com\/wp-content\/uploads\/2025\/11\/cristina-naan-morrhof-destination-wedding-bridal-shoes-jimmy-choo-200x300.jpg 200w\" sizes=\"(max-width: 533px) 100vw, 533px\" \/>\t\t\t\t\t\t\t\t\t\t\t\t\t\t\t<\/div>\n\t\t\t\t<\/div>\n\t\t\t\t<div class=\"elementor-element elementor-element-0d76ed5 elementor-widget elementor-widget-image\" data-id=\"0d76ed5\" data-element_type=\"widget\" data-widget_type=\"image.default\">\n\t\t\t\t<div class=\"elementor-widget-container\">\n\t\t\t\t\t\t\t\t\t\t\t\t\t\t\t<img loading=\"lazy\" decoding=\"async\" width=\"533\" height=\"800\" src=\"https:\/\/www.cristinanaan.com\/wp-content\/uploads\/2025\/10\/cristina-naan-morrhof-destination-wedding-italy-bride-1.jpg\" class=\"attachment-large size-large wp-image-18195\" alt=\"\" srcset=\"https:\/\/www.cristinanaan.com\/wp-content\/uploads\/2025\/10\/cristina-naan-morrhof-destination-wedding-italy-bride-1.jpg 533w, https:\/\/www.cristinanaan.com\/wp-content\/uploads\/2025\/10\/cristina-naan-morrhof-destination-wedding-italy-bride-1-200x300.jpg 200w\" sizes=\"(max-width: 533px) 100vw, 533px\" \/>\t\t\t\t\t\t\t\t\t\t\t\t\t\t\t<\/div>\n\t\t\t\t<\/div>\n\t\t\t\t\t<\/div>\n\t\t\t\t<\/div>\n\t\t<div class=\"elementor-element elementor-element-88da9d4 e-grid e-con-boxed e-con e-parent\" data-id=\"88da9d4\" data-element_type=\"container\">\n\t\t\t\t\t<div class=\"e-con-inner\">\n\t\t\t\t<div class=\"elementor-element elementor-element-f13eebd elementor-widget elementor-widget-image\" data-id=\"f13eebd\" data-element_type=\"widget\" data-widget_type=\"image.default\">\n\t\t\t\t<div class=\"elementor-widget-container\">\n\t\t\t\t\t\t\t\t\t\t\t\t\t\t\t<img loading=\"lazy\" decoding=\"async\" width=\"533\" height=\"800\" src=\"https:\/\/www.cristinanaan.com\/wp-content\/uploads\/2025\/11\/cristina-naan-morrhof-destination-wedding-brautigam1.jpg\" class=\"attachment-large size-large wp-image-19610\" alt=\"\" srcset=\"https:\/\/www.cristinanaan.com\/wp-content\/uploads\/2025\/11\/cristina-naan-morrhof-destination-wedding-brautigam1.jpg 533w, https:\/\/www.cristinanaan.com\/wp-content\/uploads\/2025\/11\/cristina-naan-morrhof-destination-wedding-brautigam1-200x300.jpg 200w\" sizes=\"(max-width: 533px) 100vw, 533px\" \/>\t\t\t\t\t\t\t\t\t\t\t\t\t\t\t<\/div>\n\t\t\t\t<\/div>\n\t\t\t\t<div class=\"elementor-element elementor-element-fb18e2e elementor-widget elementor-widget-image\" data-id=\"fb18e2e\" data-element_type=\"widget\" data-widget_type=\"image.default\">\n\t\t\t\t<div class=\"elementor-widget-container\">\n\t\t\t\t\t\t\t\t\t\t\t\t\t\t\t<img loading=\"lazy\" decoding=\"async\" width=\"533\" height=\"800\" src=\"https:\/\/www.cristinanaan.com\/wp-content\/uploads\/2025\/11\/cristina-naan-morrhof-destination-wedding-groom-groomsmen.jpg\" class=\"attachment-large size-large wp-image-19612\" alt=\"\" srcset=\"https:\/\/www.cristinanaan.com\/wp-content\/uploads\/2025\/11\/cristina-naan-morrhof-destination-wedding-groom-groomsmen.jpg 533w, https:\/\/www.cristinanaan.com\/wp-content\/uploads\/2025\/11\/cristina-naan-morrhof-destination-wedding-groom-groomsmen-200x300.jpg 200w\" sizes=\"(max-width: 533px) 100vw, 533px\" \/>\t\t\t\t\t\t\t\t\t\t\t\t\t\t\t<\/div>\n\t\t\t\t<\/div>\n\t\t\t\t\t<\/div>\n\t\t\t\t<\/div>\n\t\t<div class=\"elementor-element elementor-element-3582ab1 e-flex e-con-boxed e-con e-parent\" data-id=\"3582ab1\" data-element_type=\"container\">\n\t\t\t\t\t<div class=\"e-con-inner\">\n\t\t\t\t<div class=\"elementor-element elementor-element-6989d24 elementor-widget elementor-widget-image\" data-id=\"6989d24\" data-element_type=\"widget\" data-widget_type=\"image.default\">\n\t\t\t\t<div class=\"elementor-widget-container\">\n\t\t\t\t\t\t\t\t\t\t\t\t\t\t\t<img decoding=\"async\" src=\"https:\/\/www.cristinanaan.com\/wp-content\/uploads\/2025\/11\/cristina-naan-morrhof-destination-wedding-photographer-table.jpg\" title=\"cristina-naan-morrhof-destination-wedding-photographer-table\" alt=\"cristina-naan-morrhof-destination-wedding-photographer-table\" loading=\"lazy\" \/>\t\t\t\t\t\t\t\t\t\t\t\t\t\t\t<\/div>\n\t\t\t\t<\/div>\n\t\t\t\t\t<\/div>\n\t\t\t\t<\/div>\n\t\t<div class=\"elementor-element elementor-element-15de6ad e-grid e-con-boxed e-con e-parent\" data-id=\"15de6ad\" data-element_type=\"container\">\n\t\t\t\t\t<div class=\"e-con-inner\">\n\t\t\t\t<div class=\"elementor-element elementor-element-e6ea658 elementor-widget elementor-widget-image\" data-id=\"e6ea658\" data-element_type=\"widget\" data-widget_type=\"image.default\">\n\t\t\t\t<div class=\"elementor-widget-container\">\n\t\t\t\t\t\t\t\t\t\t\t\t\t\t\t<img loading=\"lazy\" decoding=\"async\" width=\"533\" height=\"800\" src=\"https:\/\/www.cristinanaan.com\/wp-content\/uploads\/2025\/11\/cristina-naan-morrhof-destination-wedding-photographer-table-decoration.jpg\" class=\"attachment-full size-full wp-image-19594\" alt=\"\" srcset=\"https:\/\/www.cristinanaan.com\/wp-content\/uploads\/2025\/11\/cristina-naan-morrhof-destination-wedding-photographer-table-decoration.jpg 533w, https:\/\/www.cristinanaan.com\/wp-content\/uploads\/2025\/11\/cristina-naan-morrhof-destination-wedding-photographer-table-decoration-200x300.jpg 200w\" sizes=\"(max-width: 533px) 100vw, 533px\" \/>\t\t\t\t\t\t\t\t\t\t\t\t\t\t\t<\/div>\n\t\t\t\t<\/div>\n\t\t\t\t<div class=\"elementor-element elementor-element-414d13c elementor-widget elementor-widget-image\" data-id=\"414d13c\" data-element_type=\"widget\" data-widget_type=\"image.default\">\n\t\t\t\t<div class=\"elementor-widget-container\">\n\t\t\t\t\t\t\t\t\t\t\t\t\t\t\t<img loading=\"lazy\" decoding=\"async\" width=\"533\" height=\"800\" src=\"https:\/\/www.cristinanaan.com\/wp-content\/uploads\/2025\/11\/cristina-naan-morrhof-destination-wedding-photographer-champagne-tower.jpg\" class=\"attachment-full size-full wp-image-19596\" alt=\"\" srcset=\"https:\/\/www.cristinanaan.com\/wp-content\/uploads\/2025\/11\/cristina-naan-morrhof-destination-wedding-photographer-champagne-tower.jpg 533w, https:\/\/www.cristinanaan.com\/wp-content\/uploads\/2025\/11\/cristina-naan-morrhof-destination-wedding-photographer-champagne-tower-200x300.jpg 200w\" sizes=\"(max-width: 533px) 100vw, 533px\" \/>\t\t\t\t\t\t\t\t\t\t\t\t\t\t\t<\/div>\n\t\t\t\t<\/div>\n\t\t\t\t\t<\/div>\n\t\t\t\t<\/div>\n\t\t<div class=\"elementor-element elementor-element-3b018a7 e-grid e-con-boxed e-con e-parent\" data-id=\"3b018a7\" data-element_type=\"container\">\n\t\t\t\t\t<div class=\"e-con-inner\">\n\t\t\t\t<div class=\"elementor-element elementor-element-a24baf9 elementor-widget elementor-widget-image\" data-id=\"a24baf9\" data-element_type=\"widget\" data-widget_type=\"image.default\">\n\t\t\t\t<div class=\"elementor-widget-container\">\n\t\t\t\t\t\t\t\t\t\t\t\t\t\t\t<img loading=\"lazy\" decoding=\"async\" width=\"533\" height=\"800\" src=\"https:\/\/www.cristinanaan.com\/wp-content\/uploads\/2025\/12\/cristina-naan-morrhof-winery-destination-wedding-couple.jpg\" class=\"attachment-large size-large wp-image-19619\" alt=\"\" srcset=\"https:\/\/www.cristinanaan.com\/wp-content\/uploads\/2025\/12\/cristina-naan-morrhof-winery-destination-wedding-couple.jpg 533w, https:\/\/www.cristinanaan.com\/wp-content\/uploads\/2025\/12\/cristina-naan-morrhof-winery-destination-wedding-couple-200x300.jpg 200w\" sizes=\"(max-width: 533px) 100vw, 533px\" \/>\t\t\t\t\t\t\t\t\t\t\t\t\t\t\t<\/div>\n\t\t\t\t<\/div>\n\t\t\t\t<div class=\"elementor-element elementor-element-bef6364 elementor-widget elementor-widget-image\" data-id=\"bef6364\" data-element_type=\"widget\" data-widget_type=\"image.default\">\n\t\t\t\t<div class=\"elementor-widget-container\">\n\t\t\t\t\t\t\t\t\t\t\t\t\t\t\t<img loading=\"lazy\" decoding=\"async\" width=\"533\" height=\"800\" src=\"https:\/\/www.cristinanaan.com\/wp-content\/uploads\/2025\/12\/cristina-naan-morrhof-destination-wedding-bride.jpg\" class=\"attachment-large size-large wp-image-19621\" alt=\"\" srcset=\"https:\/\/www.cristinanaan.com\/wp-content\/uploads\/2025\/12\/cristina-naan-morrhof-destination-wedding-bride.jpg 533w, https:\/\/www.cristinanaan.com\/wp-content\/uploads\/2025\/12\/cristina-naan-morrhof-destination-wedding-bride-200x300.jpg 200w\" sizes=\"(max-width: 533px) 100vw, 533px\" \/>\t\t\t\t\t\t\t\t\t\t\t\t\t\t\t<\/div>\n\t\t\t\t<\/div>\n\t\t\t\t\t<\/div>\n\t\t\t\t<\/div>\n\t\t<div class=\"elementor-element elementor-element-b488b00 e-grid e-con-boxed e-con e-parent\" data-id=\"b488b00\" data-element_type=\"container\">\n\t\t\t\t\t<div class=\"e-con-inner\">\n\t\t\t\t<div class=\"elementor-element elementor-element-106fe8a elementor-widget elementor-widget-image\" data-id=\"106fe8a\" data-element_type=\"widget\" data-widget_type=\"image.default\">\n\t\t\t\t<div class=\"elementor-widget-container\">\n\t\t\t\t\t\t\t\t\t\t\t\t\t\t\t<img loading=\"lazy\" decoding=\"async\" width=\"533\" height=\"800\" src=\"https:\/\/www.cristinanaan.com\/wp-content\/uploads\/2025\/12\/cristina-naan-morrhof-destination-wedding-venue.jpg\" class=\"attachment-large size-large wp-image-19626\" alt=\"\" srcset=\"https:\/\/www.cristinanaan.com\/wp-content\/uploads\/2025\/12\/cristina-naan-morrhof-destination-wedding-venue.jpg 533w, https:\/\/www.cristinanaan.com\/wp-content\/uploads\/2025\/12\/cristina-naan-morrhof-destination-wedding-venue-200x300.jpg 200w\" sizes=\"(max-width: 533px) 100vw, 533px\" \/>\t\t\t\t\t\t\t\t\t\t\t\t\t\t\t<\/div>\n\t\t\t\t<\/div>\n\t\t\t\t<div class=\"elementor-element elementor-element-c59bd50 elementor-widget elementor-widget-image\" data-id=\"c59bd50\" data-element_type=\"widget\" data-widget_type=\"image.default\">\n\t\t\t\t<div class=\"elementor-widget-container\">\n\t\t\t\t\t\t\t\t\t\t\t\t\t\t\t<img loading=\"lazy\" decoding=\"async\" width=\"533\" height=\"800\" src=\"https:\/\/www.cristinanaan.com\/wp-content\/uploads\/2025\/12\/cristina-naan-morrhof-destination-wedding-venue-guests.jpg\" class=\"attachment-large size-large wp-image-19628\" alt=\"\" srcset=\"https:\/\/www.cristinanaan.com\/wp-content\/uploads\/2025\/12\/cristina-naan-morrhof-destination-wedding-venue-guests.jpg 533w, https:\/\/www.cristinanaan.com\/wp-content\/uploads\/2025\/12\/cristina-naan-morrhof-destination-wedding-venue-guests-200x300.jpg 200w\" sizes=\"(max-width: 533px) 100vw, 533px\" \/>\t\t\t\t\t\t\t\t\t\t\t\t\t\t\t<\/div>\n\t\t\t\t<\/div>\n\t\t\t\t\t<\/div>\n\t\t\t\t<\/div>\n\t\t\t\t<\/div>\n\t\t","protected":false},"excerpt":{"rendered":"<p>Obwohl diese Hochzeit im Herzen Deutschlands stattfand, trug sie die Seele eines europ\u00e4ischen Sommers in sich. Mit hohen Zypressen, skulpturalen Topiarien, goldenem Kerzenlicht und einer sanften, wei\u00dfen Farbpalette im Stil einer eleganten Lake-Como-Inspiration. Das gl\u00e4serne Dach des Gew\u00e4chshauses schuf eine au\u00dfergew\u00f6hnliche Verbindung aus Natur und Architektur und machte diese Hochzeit im Gew\u00e4chshaus zu einem besonderen [&hellip;]<\/p>\n","protected":false},"author":1,"featured_media":0,"parent":0,"menu_order":0,"comment_status":"closed","ping_status":"closed","template":"","meta":{"_monsterinsights_skip_tracking":false,"_monsterinsights_sitenote_active":false,"_monsterinsights_sitenote_note":"","_monsterinsights_sitenote_category":0,"footnotes":""},"class_list":["post-19937","page","type-page","status-publish","hentry"],"aioseo_notices":[],"yoast_head":"<!-- This site is optimized with the Yoast SEO plugin v26.2 - https:\/\/yoast.com\/wordpress\/plugins\/seo\/ -->\n<title>Morrhof - Cristina Naan<\/title>\n<meta name=\"robots\" content=\"index, follow, max-snippet:-1, max-image-preview:large, max-video-preview:-1\" \/>\n<link rel=\"canonical\" href=\"https:\/\/www.cristinanaan.com\/morrhof\/\" \/>\n<meta property=\"og:locale\" content=\"de_DE\" \/>\n<meta property=\"og:type\" content=\"article\" \/>\n<meta property=\"og:title\" content=\"Morrhof - Cristina Naan\" \/>\n<meta property=\"og:description\" content=\"Obwohl diese Hochzeit im Herzen Deutschlands stattfand, trug sie die Seele eines europ\u00e4ischen Sommers in sich. Mit hohen Zypressen, skulpturalen Topiarien, goldenem Kerzenlicht und einer sanften, wei\u00dfen Farbpalette im Stil einer eleganten Lake-Como-Inspiration. Das gl\u00e4serne Dach des Gew\u00e4chshauses schuf eine au\u00dfergew\u00f6hnliche Verbindung aus Natur und Architektur und machte diese Hochzeit im Gew\u00e4chshaus zu einem besonderen [&hellip;]\" \/>\n<meta property=\"og:url\" content=\"https:\/\/www.cristinanaan.com\/morrhof\/\" \/>\n<meta property=\"og:site_name\" content=\"Cristina Naan\" \/>\n<meta property=\"article:modified_time\" content=\"2026-01-10T11:00:46+00:00\" \/>\n<meta property=\"og:image\" content=\"https:\/\/www.cristinanaan.com\/wp-content\/uploads\/2025\/11\/cristina-naan-morrhof-destination-wedding-photographer-venue.jpg\" \/>\n\t<meta property=\"og:image:width\" content=\"533\" \/>\n\t<meta property=\"og:image:height\" content=\"800\" \/>\n\t<meta property=\"og:image:type\" content=\"image\/jpeg\" \/>\n<meta name=\"twitter:card\" content=\"summary_large_image\" \/>\n<meta name=\"twitter:label1\" content=\"Gesch\u00e4tzte Lesezeit\" \/>\n\t<meta name=\"twitter:data1\" content=\"1\u00a0Minute\" \/>\n<script type=\"application\/ld+json\" class=\"yoast-schema-graph\">{\"@context\":\"https:\/\/schema.org\",\"@graph\":[{\"@type\":\"WebPage\",\"@id\":\"https:\/\/www.cristinanaan.com\/morrhof\/\",\"url\":\"https:\/\/www.cristinanaan.com\/morrhof\/\",\"name\":\"Morrhof - Cristina Naan\",\"isPartOf\":{\"@id\":\"https:\/\/www.cristinanaan.com\/#website\"},\"primaryImageOfPage\":{\"@id\":\"https:\/\/www.cristinanaan.com\/morrhof\/#primaryimage\"},\"image\":{\"@id\":\"https:\/\/www.cristinanaan.com\/morrhof\/#primaryimage\"},\"thumbnailUrl\":\"https:\/\/www.cristinanaan.com\/wp-content\/uploads\/2025\/11\/cristina-naan-morrhof-destination-wedding-photographer-venue.jpg\",\"datePublished\":\"2025-11-30T13:01:00+00:00\",\"dateModified\":\"2026-01-10T11:00:46+00:00\",\"breadcrumb\":{\"@id\":\"https:\/\/www.cristinanaan.com\/morrhof\/#breadcrumb\"},\"inLanguage\":\"de\",\"potentialAction\":[{\"@type\":\"ReadAction\",\"target\":[\"https:\/\/www.cristinanaan.com\/morrhof\/\"]}]},{\"@type\":\"ImageObject\",\"inLanguage\":\"de\",\"@id\":\"https:\/\/www.cristinanaan.com\/morrhof\/#primaryimage\",\"url\":\"https:\/\/www.cristinanaan.com\/wp-content\/uploads\/2025\/11\/cristina-naan-morrhof-destination-wedding-photographer-venue.jpg\",\"contentUrl\":\"https:\/\/www.cristinanaan.com\/wp-content\/uploads\/2025\/11\/cristina-naan-morrhof-destination-wedding-photographer-venue.jpg\"},{\"@type\":\"BreadcrumbList\",\"@id\":\"https:\/\/www.cristinanaan.com\/morrhof\/#breadcrumb\",\"itemListElement\":[{\"@type\":\"ListItem\",\"position\":1,\"name\":\"Home\",\"item\":\"https:\/\/www.cristinanaan.com\/\"},{\"@type\":\"ListItem\",\"position\":2,\"name\":\"Morrhof\"}]},{\"@type\":\"WebSite\",\"@id\":\"https:\/\/www.cristinanaan.com\/#website\",\"url\":\"https:\/\/www.cristinanaan.com\/\",\"name\":\"Cristina Naan\",\"description\":\"Destination Wedding Photographer \u2013 Lake Como, Paris, California &amp; Worldwide\",\"potentialAction\":[{\"@type\":\"SearchAction\",\"target\":{\"@type\":\"EntryPoint\",\"urlTemplate\":\"https:\/\/www.cristinanaan.com\/?s={search_term_string}\"},\"query-input\":{\"@type\":\"PropertyValueSpecification\",\"valueRequired\":true,\"valueName\":\"search_term_string\"}}],\"inLanguage\":\"de\"}]}<\/script>\n<!-- \/ Yoast SEO plugin. -->","yoast_head_json":{"title":"Morrhof - Cristina Naan","robots":{"index":"index","follow":"follow","max-snippet":"max-snippet:-1","max-image-preview":"max-image-preview:large","max-video-preview":"max-video-preview:-1"},"canonical":"https:\/\/www.cristinanaan.com\/morrhof\/","og_locale":"de_DE","og_type":"article","og_title":"Morrhof - Cristina Naan","og_description":"Obwohl diese Hochzeit im Herzen Deutschlands stattfand, trug sie die Seele eines europ\u00e4ischen Sommers in sich. Mit hohen Zypressen, skulpturalen Topiarien, goldenem Kerzenlicht und einer sanften, wei\u00dfen Farbpalette im Stil einer eleganten Lake-Como-Inspiration. Das gl\u00e4serne Dach des Gew\u00e4chshauses schuf eine au\u00dfergew\u00f6hnliche Verbindung aus Natur und Architektur und machte diese Hochzeit im Gew\u00e4chshaus zu einem besonderen [&hellip;]","og_url":"https:\/\/www.cristinanaan.com\/morrhof\/","og_site_name":"Cristina Naan","article_modified_time":"2026-01-10T11:00:46+00:00","og_image":[{"width":533,"height":800,"url":"https:\/\/www.cristinanaan.com\/wp-content\/uploads\/2025\/11\/cristina-naan-morrhof-destination-wedding-photographer-venue.jpg","type":"image\/jpeg"}],"twitter_card":"summary_large_image","twitter_misc":{"Gesch\u00e4tzte Lesezeit":"1\u00a0Minute"},"schema":{"@context":"https:\/\/schema.org","@graph":[{"@type":"WebPage","@id":"https:\/\/www.cristinanaan.com\/morrhof\/","url":"https:\/\/www.cristinanaan.com\/morrhof\/","name":"Morrhof - Cristina Naan","isPartOf":{"@id":"https:\/\/www.cristinanaan.com\/#website"},"primaryImageOfPage":{"@id":"https:\/\/www.cristinanaan.com\/morrhof\/#primaryimage"},"image":{"@id":"https:\/\/www.cristinanaan.com\/morrhof\/#primaryimage"},"thumbnailUrl":"https:\/\/www.cristinanaan.com\/wp-content\/uploads\/2025\/11\/cristina-naan-morrhof-destination-wedding-photographer-venue.jpg","datePublished":"2025-11-30T13:01:00+00:00","dateModified":"2026-01-10T11:00:46+00:00","breadcrumb":{"@id":"https:\/\/www.cristinanaan.com\/morrhof\/#breadcrumb"},"inLanguage":"de","potentialAction":[{"@type":"ReadAction","target":["https:\/\/www.cristinanaan.com\/morrhof\/"]}]},{"@type":"ImageObject","inLanguage":"de","@id":"https:\/\/www.cristinanaan.com\/morrhof\/#primaryimage","url":"https:\/\/www.cristinanaan.com\/wp-content\/uploads\/2025\/11\/cristina-naan-morrhof-destination-wedding-photographer-venue.jpg","contentUrl":"https:\/\/www.cristinanaan.com\/wp-content\/uploads\/2025\/11\/cristina-naan-morrhof-destination-wedding-photographer-venue.jpg"},{"@type":"BreadcrumbList","@id":"https:\/\/www.cristinanaan.com\/morrhof\/#breadcrumb","itemListElement":[{"@type":"ListItem","position":1,"name":"Home","item":"https:\/\/www.cristinanaan.com\/"},{"@type":"ListItem","position":2,"name":"Morrhof"}]},{"@type":"WebSite","@id":"https:\/\/www.cristinanaan.com\/#website","url":"https:\/\/www.cristinanaan.com\/","name":"Cristina Naan","description":"Destination Wedding Photographer \u2013 Lake Como, Paris, California &amp; Worldwide","potentialAction":[{"@type":"SearchAction","target":{"@type":"EntryPoint","urlTemplate":"https:\/\/www.cristinanaan.com\/?s={search_term_string}"},"query-input":{"@type":"PropertyValueSpecification","valueRequired":true,"valueName":"search_term_string"}}],"inLanguage":"de"}]}},"_links":{"self":[{"href":"https:\/\/www.cristinanaan.com\/de\/wp-json\/wp\/v2\/pages\/19937","targetHints":{"allow":["GET"]}}],"collection":[{"href":"https:\/\/www.cristinanaan.com\/de\/wp-json\/wp\/v2\/pages"}],"about":[{"href":"https:\/\/www.cristinanaan.com\/de\/wp-json\/wp\/v2\/types\/page"}],"author":[{"embeddable":true,"href":"https:\/\/www.cristinanaan.com\/de\/wp-json\/wp\/v2\/users\/1"}],"replies":[{"embeddable":true,"href":"https:\/\/www.cristinanaan.com\/de\/wp-json\/wp\/v2\/comments?post=19937"}],"version-history":[{"count":3,"href":"https:\/\/www.cristinanaan.com\/de\/wp-json\/wp\/v2\/pages\/19937\/revisions"}],"predecessor-version":[{"id":19941,"href":"https:\/\/www.cristinanaan.com\/de\/wp-json\/wp\/v2\/pages\/19937\/revisions\/19941"}],"wp:attachment":[{"href":"https:\/\/www.cristinanaan.com\/de\/wp-json\/wp\/v2\/media?parent=19937"}],"curies":[{"name":"wp","href":"https:\/\/api.w.org\/{rel}","templated":true}]}}