{"id":13516,"date":"2024-03-12T10:38:11","date_gmt":"2024-03-12T09:38:11","guid":{"rendered":"https:\/\/www.cristinanaan.com\/hochzeit\/"},"modified":"2024-04-27T18:54:13","modified_gmt":"2024-04-27T16:54:13","slug":"hochzeit","status":"publish","type":"page","link":"https:\/\/www.cristinanaan.com\/de\/hochzeit\/","title":{"rendered":"Erfahrung"},"content":{"rendered":"\t\t<div data-elementor-type=\"wp-page\" data-elementor-id=\"13516\" class=\"elementor elementor-13516\">\n\t\t\t\t\t\t<section class=\"elementor-section elementor-top-section elementor-element elementor-element-3a8e26b6 elementor-section-full_width elementor-section-height-min-height elementor-section-stretched elementor-section-items-top elementor-section-height-default qodef-elementor-content-no\" data-id=\"3a8e26b6\" data-element_type=\"section\" data-settings=\"{&quot;background_background&quot;:&quot;classic&quot;,&quot;stretch_section&quot;:&quot;section-stretched&quot;}\">\n\t\t\t\t\t\t\t<div class=\"elementor-background-overlay\"><\/div>\n\t\t\t\t\t\t\t<div class=\"elementor-container elementor-column-gap-wide\">\n\t\t\t\t\t<div class=\"elementor-column elementor-col-100 elementor-top-column elementor-element elementor-element-df4c3ae\" data-id=\"df4c3ae\" data-element_type=\"column\">\n\t\t\t<div class=\"elementor-widget-wrap\">\n\t\t\t\t\t\t\t<\/div>\n\t\t<\/div>\n\t\t\t\t\t<\/div>\n\t\t<\/section>\n\t\t<div class=\"elementor-element elementor-element-a5e88d8 e-flex e-con-boxed e-con e-parent\" data-id=\"a5e88d8\" data-element_type=\"container\">\n\t\t\t\t\t<div class=\"e-con-inner\">\n\t\t\t\t\t<\/div>\n\t\t\t\t<\/div>\n\t\t<div class=\"elementor-element elementor-element-03f056a e-flex e-con-boxed e-con e-parent\" data-id=\"03f056a\" data-element_type=\"container\">\n\t\t\t\t\t<div class=\"e-con-inner\">\n\t\t<div class=\"elementor-element elementor-element-d5c6330 e-con-full e-flex e-con e-child\" data-id=\"d5c6330\" data-element_type=\"container\">\n\t\t\t\t<div class=\"elementor-element elementor-element-96cf18e elementor-widget elementor-widget-heading\" data-id=\"96cf18e\" data-element_type=\"widget\" data-widget_type=\"heading.default\">\n\t\t\t\t<div class=\"elementor-widget-container\">\n\t\t\t\t\t<h2 class=\"elementor-heading-title elementor-size-default\">Erfahrung<\/h2>\t\t\t\t<\/div>\n\t\t\t\t<\/div>\n\t\t\t\t<div class=\"elementor-element elementor-element-2d4999a elementor-widget elementor-widget-text-editor\" data-id=\"2d4999a\" data-element_type=\"widget\" data-widget_type=\"text-editor.default\">\n\t\t\t\t<div class=\"elementor-widget-container\">\n\t\t\t\t\t\t\t\t\t<p>Sich f\u00fcr eine destination wedding zu entscheiden, kann \u00fcberw\u00e4ltigend sein.<\/p>\n<p>Ein Fotograf, der nicht nur Eure Vision teilt, sondern Euch auch auf dem Weg dorthin unterst\u00fctzt, kann den entscheidenden Unterschied ausmachen.<\/p>\n<p>Denn Hochzeitsfotografie geht \u00fcber das einfache Festhalten h\u00fcbscher Bilder hinaus. Es geht um das gesamte Erlebnis \u2013 vom Austausch \u00fcber Eure Tr\u00e4ume und W\u00fcnsche bis hin zur Feinabstimmung der Details, dem freudigen Erleben Ihres besonderen Tages und dem endg\u00fcltigen Halten Ihres liebevoll gestalteten Albums in Ihren H\u00e4nden.<\/p>\n<p>Ich bin ich da, um Euch durch jeden Schritt der Reise zu f\u00fchren und sicherzustellen, dass Ihr vom Anfang bis zum Ende l\u00e4cheln und voller Vorfreude seid. Lasst uns gemeinsam Eure Hochzeitstr\u00e4ume in unvergessliche Erinnerungen verwandeln.<\/p>\n\t\t\t\t\t\t\t\t<\/div>\n\t\t\t\t<\/div>\n\t\t\t\t<\/div>\n\t\t<div class=\"elementor-element elementor-element-388e176 e-con-full e-flex e-con e-child\" data-id=\"388e176\" data-element_type=\"container\">\n\t\t\t\t<div class=\"elementor-element elementor-element-6b2a3d3 elementor-widget elementor-widget-image\" data-id=\"6b2a3d3\" data-element_type=\"widget\" data-widget_type=\"image.default\">\n\t\t\t\t<div class=\"elementor-widget-container\">\n\t\t\t\t\t\t\t\t\t\t\t\t\t\t\t<img fetchpriority=\"high\" decoding=\"async\" width=\"1024\" height=\"683\" src=\"https:\/\/www.cristinanaan.com\/wp-content\/uploads\/2024\/02\/MG_7847-1024x683.jpg\" class=\"attachment-large size-large wp-image-13076\" alt=\"\" srcset=\"https:\/\/www.cristinanaan.com\/wp-content\/uploads\/2024\/02\/MG_7847-1024x683.jpg 1024w, https:\/\/www.cristinanaan.com\/wp-content\/uploads\/2024\/02\/MG_7847-300x200.jpg 300w, https:\/\/www.cristinanaan.com\/wp-content\/uploads\/2024\/02\/MG_7847-768x512.jpg 768w, https:\/\/www.cristinanaan.com\/wp-content\/uploads\/2024\/02\/MG_7847-1536x1025.jpg 1536w, https:\/\/www.cristinanaan.com\/wp-content\/uploads\/2024\/02\/MG_7847-600x400.jpg 600w, https:\/\/www.cristinanaan.com\/wp-content\/uploads\/2024\/02\/MG_7847.jpg 1853w\" sizes=\"(max-width: 1024px) 100vw, 1024px\" \/>\t\t\t\t\t\t\t\t\t\t\t\t\t\t\t<\/div>\n\t\t\t\t<\/div>\n\t\t\t\t<\/div>\n\t\t\t\t\t<\/div>\n\t\t\t\t<\/div>\n\t\t<div class=\"elementor-element elementor-element-4e3be3d e-flex e-con-boxed e-con e-parent\" data-id=\"4e3be3d\" data-element_type=\"container\">\n\t\t\t\t\t<div class=\"e-con-inner\">\n\t\t<div class=\"elementor-element elementor-element-c62cf5e e-con-full e-flex e-con e-child\" data-id=\"c62cf5e\" data-element_type=\"container\">\n\t\t\t\t<div class=\"elementor-element elementor-element-00046fc elementor-widget elementor-widget-image\" data-id=\"00046fc\" data-element_type=\"widget\" data-widget_type=\"image.default\">\n\t\t\t\t<div class=\"elementor-widget-container\">\n\t\t\t\t\t\t\t\t\t\t\t\t\t\t\t<img decoding=\"async\" width=\"414\" height=\"621\" src=\"https:\/\/www.cristinanaan.com\/wp-content\/uploads\/2024\/03\/cristina-naan-louvre-paris-france-destination-wedding.jpg\" class=\"attachment-large size-large wp-image-13501\" alt=\"\" srcset=\"https:\/\/www.cristinanaan.com\/wp-content\/uploads\/2024\/03\/cristina-naan-louvre-paris-france-destination-wedding.jpg 414w, https:\/\/www.cristinanaan.com\/wp-content\/uploads\/2024\/03\/cristina-naan-louvre-paris-france-destination-wedding-200x300.jpg 200w\" sizes=\"(max-width: 414px) 100vw, 414px\" \/>\t\t\t\t\t\t\t\t\t\t\t\t\t\t\t<\/div>\n\t\t\t\t<\/div>\n\t\t\t\t<\/div>\n\t\t<div class=\"elementor-element elementor-element-9a4ded7 e-con-full e-flex e-con e-child\" data-id=\"9a4ded7\" data-element_type=\"container\">\n\t\t\t\t<div class=\"elementor-element elementor-element-4bc971e elementor-widget elementor-widget-heading\" data-id=\"4bc971e\" data-element_type=\"widget\" data-widget_type=\"heading.default\">\n\t\t\t\t<div class=\"elementor-widget-container\">\n\t\t\t\t\t<h2 class=\"elementor-heading-title elementor-size-default\">Mein Prozess<\/h2>\t\t\t\t<\/div>\n\t\t\t\t<\/div>\n\t\t\t\t<div class=\"elementor-element elementor-element-9e74812 elementor-widget elementor-widget-accordion\" data-id=\"9e74812\" data-element_type=\"widget\" data-widget_type=\"accordion.default\">\n\t\t\t\t<div class=\"elementor-widget-container\">\n\t\t\t\t\t\t\t<div class=\"elementor-accordion\">\n\t\t\t\t\t\t\t<div class=\"elementor-accordion-item\">\n\t\t\t\t\t<div id=\"elementor-tab-title-1661\" class=\"elementor-tab-title\" data-tab=\"1\" role=\"button\" aria-controls=\"elementor-tab-content-1661\" aria-expanded=\"false\">\n\t\t\t\t\t\t\t\t\t\t\t\t\t<span class=\"elementor-accordion-icon elementor-accordion-icon-left\" aria-hidden=\"true\">\n\t\t\t\t\t\t\t\t\t\t\t\t\t\t\t<span class=\"elementor-accordion-icon-closed\"><i class=\"fas fa-plus\"><\/i><\/span>\n\t\t\t\t\t\t\t\t<span class=\"elementor-accordion-icon-opened\"><i class=\"fas fa-minus\"><\/i><\/span>\n\t\t\t\t\t\t\t\t\t\t\t\t\t\t<\/span>\n\t\t\t\t\t\t\t\t\t\t\t\t<a class=\"elementor-accordion-title\" tabindex=\"0\">Erstberatung<\/a>\n\t\t\t\t\t<\/div>\n\t\t\t\t\t<div id=\"elementor-tab-content-1661\" class=\"elementor-tab-content elementor-clearfix\" data-tab=\"1\" role=\"region\" aria-labelledby=\"elementor-tab-title-1661\"><p>Im Anschluss an Eure erste Anfrage treffen wir uns pers\u00f6nlichen per Video- oder Telefon.<br \/>\nIch werde mehr \u00fcber Eure Vision und Werte f\u00fcr Eure Hochzeit erfahren und wir werden sicherstellen, dass wir gut zusammenpassen. Wir werden auch \u00fcber Budget und Preise sprechen.<\/p>\n<\/div>\n\t\t\t\t<\/div>\n\t\t\t\t\t\t\t<div class=\"elementor-accordion-item\">\n\t\t\t\t\t<div id=\"elementor-tab-title-1662\" class=\"elementor-tab-title\" data-tab=\"2\" role=\"button\" aria-controls=\"elementor-tab-content-1662\" aria-expanded=\"false\">\n\t\t\t\t\t\t\t\t\t\t\t\t\t<span class=\"elementor-accordion-icon elementor-accordion-icon-left\" aria-hidden=\"true\">\n\t\t\t\t\t\t\t\t\t\t\t\t\t\t\t<span class=\"elementor-accordion-icon-closed\"><i class=\"fas fa-plus\"><\/i><\/span>\n\t\t\t\t\t\t\t\t<span class=\"elementor-accordion-icon-opened\"><i class=\"fas fa-minus\"><\/i><\/span>\n\t\t\t\t\t\t\t\t\t\t\t\t\t\t<\/span>\n\t\t\t\t\t\t\t\t\t\t\t\t<a class=\"elementor-accordion-title\" tabindex=\"0\">INDIVIDUELLES ANGEBOT<\/a>\n\t\t\t\t\t<\/div>\n\t\t\t\t\t<div id=\"elementor-tab-content-1662\" class=\"elementor-tab-content elementor-clearfix\" data-tab=\"2\" role=\"region\" aria-labelledby=\"elementor-tab-title-1662\"><p>Nach unserem Telefonat sende ich Euch einen Vorschlag zusammen mit einer pers\u00f6nlichen Empfehlung.<\/p>\n<p>Sobald Ihr Euch entschieden habt, fortzufahren, sende ich Euch einen Vertrag und eine Rechnung f\u00fcr die Anzahlung, um den Termin zu sichern.<\/p>\n<\/div>\n\t\t\t\t<\/div>\n\t\t\t\t\t\t\t<div class=\"elementor-accordion-item\">\n\t\t\t\t\t<div id=\"elementor-tab-title-1663\" class=\"elementor-tab-title\" data-tab=\"3\" role=\"button\" aria-controls=\"elementor-tab-content-1663\" aria-expanded=\"false\">\n\t\t\t\t\t\t\t\t\t\t\t\t\t<span class=\"elementor-accordion-icon elementor-accordion-icon-left\" aria-hidden=\"true\">\n\t\t\t\t\t\t\t\t\t\t\t\t\t\t\t<span class=\"elementor-accordion-icon-closed\"><i class=\"fas fa-plus\"><\/i><\/span>\n\t\t\t\t\t\t\t\t<span class=\"elementor-accordion-icon-opened\"><i class=\"fas fa-minus\"><\/i><\/span>\n\t\t\t\t\t\t\t\t\t\t\t\t\t\t<\/span>\n\t\t\t\t\t\t\t\t\t\t\t\t<a class=\"elementor-accordion-title\" tabindex=\"0\">Anpassung<\/a>\n\t\t\t\t\t<\/div>\n\t\t\t\t\t<div id=\"elementor-tab-content-1663\" class=\"elementor-tab-content elementor-clearfix\" data-tab=\"3\" role=\"region\" aria-labelledby=\"elementor-tab-title-1663\"><p>Wir werden vor Eurem Hochzeitstag ein bis zwei Treffen abhalten, um Ihre Fotografie zu besprechen und einen Zeitplan f\u00fcr die Bilder zu erstellen, um sicherzustellen, dass Euer Hochzeitstag reibungslos verl\u00e4uft.<\/p>\n<\/div>\n\t\t\t\t<\/div>\n\t\t\t\t\t\t\t<div class=\"elementor-accordion-item\">\n\t\t\t\t\t<div id=\"elementor-tab-title-1664\" class=\"elementor-tab-title\" data-tab=\"4\" role=\"button\" aria-controls=\"elementor-tab-content-1664\" aria-expanded=\"false\">\n\t\t\t\t\t\t\t\t\t\t\t\t\t<span class=\"elementor-accordion-icon elementor-accordion-icon-left\" aria-hidden=\"true\">\n\t\t\t\t\t\t\t\t\t\t\t\t\t\t\t<span class=\"elementor-accordion-icon-closed\"><i class=\"fas fa-plus\"><\/i><\/span>\n\t\t\t\t\t\t\t\t<span class=\"elementor-accordion-icon-opened\"><i class=\"fas fa-minus\"><\/i><\/span>\n\t\t\t\t\t\t\t\t\t\t\t\t\t\t<\/span>\n\t\t\t\t\t\t\t\t\t\t\t\t<a class=\"elementor-accordion-title\" tabindex=\"0\">Hochzeitstag<\/a>\n\t\t\t\t\t<\/div>\n\t\t\t\t\t<div id=\"elementor-tab-content-1664\" class=\"elementor-tab-content elementor-clearfix\" data-tab=\"4\" role=\"region\" aria-labelledby=\"elementor-tab-title-1664\"><p>Je nach Standort werde ich ein bis zwei Tage fr\u00fcher anreisen, um B-Roll einzufangen und sicherzustellen, dass unsere Bilder noch mit dem aktuellen Zustand \u00fcbereinstimmen.<\/p>\n<\/div>\n\t\t\t\t<\/div>\n\t\t\t\t\t\t\t<div class=\"elementor-accordion-item\">\n\t\t\t\t\t<div id=\"elementor-tab-title-1665\" class=\"elementor-tab-title\" data-tab=\"5\" role=\"button\" aria-controls=\"elementor-tab-content-1665\" aria-expanded=\"false\">\n\t\t\t\t\t\t\t\t\t\t\t\t\t<span class=\"elementor-accordion-icon elementor-accordion-icon-left\" aria-hidden=\"true\">\n\t\t\t\t\t\t\t\t\t\t\t\t\t\t\t<span class=\"elementor-accordion-icon-closed\"><i class=\"fas fa-plus\"><\/i><\/span>\n\t\t\t\t\t\t\t\t<span class=\"elementor-accordion-icon-opened\"><i class=\"fas fa-minus\"><\/i><\/span>\n\t\t\t\t\t\t\t\t\t\t\t\t\t\t<\/span>\n\t\t\t\t\t\t\t\t\t\t\t\t<a class=\"elementor-accordion-title\" tabindex=\"0\">Lieferung<\/a>\n\t\t\t\t\t<\/div>\n\t\t\t\t\t<div id=\"elementor-tab-content-1665\" class=\"elementor-tab-content elementor-clearfix\" data-tab=\"5\" role=\"region\" aria-labelledby=\"elementor-tab-title-1665\"><p>Ich wei\u00df, wie es ist, auf die Ergebnisse zu erwarten, also schicke ich Euch eine erste kleine Auswahl an Bildern.<\/p>\n<p>Je nachdem, welches Paket Ihr gebucht habt, erhaltet ihr die Bilder 8 Wochen nach Eurer Hochzeit \u00fcber eine Online-Galerie oder USB.<\/p>\n<p>Wenn Ihr Euch f\u00fcr die Album-Option entschieden habt, werde ich Euch diese im Anschluss an die digitalen Dateien zustellen.<\/p>\n<\/div>\n\t\t\t\t<\/div>\n\t\t\t\t\t\t\t\t<\/div>\n\t\t\t\t\t\t<\/div>\n\t\t\t\t<\/div>\n\t\t\t\t<\/div>\n\t\t\t\t\t<\/div>\n\t\t\t\t<\/div>\n\t\t<div class=\"elementor-element elementor-element-4a903590 e-flex e-con-boxed e-con e-parent\" data-id=\"4a903590\" data-element_type=\"container\">\n\t\t\t\t\t<div class=\"e-con-inner\">\n\t\t\t\t<div class=\"elementor-element elementor-element-4b5953bc elementor-widget__width-initial elementor-widget elementor-widget-text-editor\" data-id=\"4b5953bc\" data-element_type=\"widget\" data-widget_type=\"text-editor.default\">\n\t\t\t\t<div class=\"elementor-widget-container\">\n\t\t\t\t\t\t\t\t\t<p>&#8222;Wir haben die Fotosession sehr genossen. Es war eine fantastische Erfahrung.<\/p>\n<p>Der Stress der letzten Wochen schien zu verblassen, als wir uns dem gegenw\u00e4rtigen Moment hingaben und jede freudige Minute davon genossen.&#8220;<\/p>\n<p>A.W.<\/p>\n\t\t\t\t\t\t\t\t<\/div>\n\t\t\t\t<\/div>\n\t\t\t\t<div class=\"elementor-element elementor-element-3af02c2 elementor-align-center elementor-widget elementor-widget-button\" data-id=\"3af02c2\" data-element_type=\"widget\" data-widget_type=\"button.default\">\n\t\t\t\t<div class=\"elementor-widget-container\">\n\t\t\t\t\t\t\t\t\t<div class=\"elementor-button-wrapper\">\n\t\t\t\t\t<a class=\"elementor-button elementor-button-link elementor-size-sm\" href=\"#\">\n\t\t\t\t\t\t<span class=\"elementor-button-content-wrapper\">\n\t\t\t\t\t\t\t\t\t<span class=\"elementor-button-text\">Individuelles Angebot anfordern<\/span>\n\t\t\t\t\t<\/span>\n\t\t\t\t\t<\/a>\n\t\t\t\t<\/div>\n\t\t\t\t\t\t\t\t<\/div>\n\t\t\t\t<\/div>\n\t\t\t\t\t<\/div>\n\t\t\t\t<\/div>\n\t\t\t\t<\/div>\n\t\t","protected":false},"excerpt":{"rendered":"<p>Erfahrung Sich f\u00fcr eine destination wedding zu entscheiden, kann \u00fcberw\u00e4ltigend sein. Ein Fotograf, der nicht nur Eure Vision teilt, sondern Euch auch auf dem Weg dorthin unterst\u00fctzt, kann den entscheidenden Unterschied ausmachen. Denn Hochzeitsfotografie geht \u00fcber das einfache Festhalten h\u00fcbscher Bilder hinaus. Es geht um das gesamte Erlebnis \u2013 vom Austausch \u00fcber Eure Tr\u00e4ume und [&hellip;]<\/p>\n","protected":false},"author":1,"featured_media":0,"parent":0,"menu_order":0,"comment_status":"closed","ping_status":"closed","template":"","meta":{"_monsterinsights_skip_tracking":false,"_monsterinsights_sitenote_active":false,"_monsterinsights_sitenote_note":"","_monsterinsights_sitenote_category":0,"footnotes":""},"class_list":["post-13516","page","type-page","status-publish","hentry"],"aioseo_notices":[],"yoast_head":"<!-- This site is optimized with the Yoast SEO plugin v26.2 - https:\/\/yoast.com\/wordpress\/plugins\/seo\/ -->\n<title>Erfahrung - Cristina Naan<\/title>\n<meta name=\"robots\" content=\"index, follow, max-snippet:-1, max-image-preview:large, max-video-preview:-1\" \/>\n<link rel=\"canonical\" href=\"https:\/\/www.cristinanaan.com\/?page_id=13433\" \/>\n<meta property=\"og:locale\" content=\"de_DE\" \/>\n<meta property=\"og:type\" content=\"article\" \/>\n<meta property=\"og:title\" content=\"Erfahrung - Cristina Naan\" \/>\n<meta property=\"og:description\" content=\"Erfahrung Sich f\u00fcr eine destination wedding zu entscheiden, kann \u00fcberw\u00e4ltigend sein. Ein Fotograf, der nicht nur Eure Vision teilt, sondern Euch auch auf dem Weg dorthin unterst\u00fctzt, kann den entscheidenden Unterschied ausmachen. Denn Hochzeitsfotografie geht \u00fcber das einfache Festhalten h\u00fcbscher Bilder hinaus. Es geht um das gesamte Erlebnis \u2013 vom Austausch \u00fcber Eure Tr\u00e4ume und [&hellip;]\" \/>\n<meta property=\"og:url\" content=\"https:\/\/www.cristinanaan.com\/?page_id=13433\" \/>\n<meta property=\"og:site_name\" content=\"Cristina Naan\" \/>\n<meta property=\"article:modified_time\" content=\"2024-04-27T16:54:13+00:00\" \/>\n<meta property=\"og:image\" content=\"http:\/\/www.cristinanaan.com\/wp-content\/uploads\/2024\/02\/MG_7847-1024x683.jpg\" \/>\n<meta name=\"twitter:card\" content=\"summary_large_image\" \/>\n<meta name=\"twitter:label1\" content=\"Gesch\u00e4tzte Lesezeit\" \/>\n\t<meta name=\"twitter:data1\" content=\"2\u00a0Minuten\" \/>\n<script type=\"application\/ld+json\" class=\"yoast-schema-graph\">{\"@context\":\"https:\/\/schema.org\",\"@graph\":[{\"@type\":\"WebPage\",\"@id\":\"https:\/\/www.cristinanaan.com\/?page_id=13433\",\"url\":\"https:\/\/www.cristinanaan.com\/?page_id=13433\",\"name\":\"Erfahrung - Cristina Naan\",\"isPartOf\":{\"@id\":\"https:\/\/www.cristinanaan.com\/#website\"},\"primaryImageOfPage\":{\"@id\":\"https:\/\/www.cristinanaan.com\/?page_id=13433#primaryimage\"},\"image\":{\"@id\":\"https:\/\/www.cristinanaan.com\/?page_id=13433#primaryimage\"},\"thumbnailUrl\":\"http:\/\/www.cristinanaan.com\/wp-content\/uploads\/2024\/02\/MG_7847-1024x683.jpg\",\"datePublished\":\"2024-03-12T09:38:11+00:00\",\"dateModified\":\"2024-04-27T16:54:13+00:00\",\"breadcrumb\":{\"@id\":\"https:\/\/www.cristinanaan.com\/?page_id=13433#breadcrumb\"},\"inLanguage\":\"de\",\"potentialAction\":[{\"@type\":\"ReadAction\",\"target\":[\"https:\/\/www.cristinanaan.com\/?page_id=13433\"]}]},{\"@type\":\"ImageObject\",\"inLanguage\":\"de\",\"@id\":\"https:\/\/www.cristinanaan.com\/?page_id=13433#primaryimage\",\"url\":\"http:\/\/www.cristinanaan.com\/wp-content\/uploads\/2024\/02\/MG_7847-1024x683.jpg\",\"contentUrl\":\"http:\/\/www.cristinanaan.com\/wp-content\/uploads\/2024\/02\/MG_7847-1024x683.jpg\"},{\"@type\":\"BreadcrumbList\",\"@id\":\"https:\/\/www.cristinanaan.com\/?page_id=13433#breadcrumb\",\"itemListElement\":[{\"@type\":\"ListItem\",\"position\":1,\"name\":\"Home\",\"item\":\"https:\/\/www.cristinanaan.com\/\"},{\"@type\":\"ListItem\",\"position\":2,\"name\":\"Erfahrung\"}]},{\"@type\":\"WebSite\",\"@id\":\"https:\/\/www.cristinanaan.com\/#website\",\"url\":\"https:\/\/www.cristinanaan.com\/\",\"name\":\"Cristina Naan\",\"description\":\"Destination Wedding Photographer \u2013 Lake Como, Paris, California &amp; Worldwide\",\"potentialAction\":[{\"@type\":\"SearchAction\",\"target\":{\"@type\":\"EntryPoint\",\"urlTemplate\":\"https:\/\/www.cristinanaan.com\/?s={search_term_string}\"},\"query-input\":{\"@type\":\"PropertyValueSpecification\",\"valueRequired\":true,\"valueName\":\"search_term_string\"}}],\"inLanguage\":\"de\"}]}<\/script>\n<!-- \/ Yoast SEO plugin. -->","yoast_head_json":{"title":"Erfahrung - Cristina Naan","robots":{"index":"index","follow":"follow","max-snippet":"max-snippet:-1","max-image-preview":"max-image-preview:large","max-video-preview":"max-video-preview:-1"},"canonical":"https:\/\/www.cristinanaan.com\/?page_id=13433","og_locale":"de_DE","og_type":"article","og_title":"Erfahrung - Cristina Naan","og_description":"Erfahrung Sich f\u00fcr eine destination wedding zu entscheiden, kann \u00fcberw\u00e4ltigend sein. Ein Fotograf, der nicht nur Eure Vision teilt, sondern Euch auch auf dem Weg dorthin unterst\u00fctzt, kann den entscheidenden Unterschied ausmachen. Denn Hochzeitsfotografie geht \u00fcber das einfache Festhalten h\u00fcbscher Bilder hinaus. Es geht um das gesamte Erlebnis \u2013 vom Austausch \u00fcber Eure Tr\u00e4ume und [&hellip;]","og_url":"https:\/\/www.cristinanaan.com\/?page_id=13433","og_site_name":"Cristina Naan","article_modified_time":"2024-04-27T16:54:13+00:00","og_image":[{"url":"http:\/\/www.cristinanaan.com\/wp-content\/uploads\/2024\/02\/MG_7847-1024x683.jpg","type":"","width":"","height":""}],"twitter_card":"summary_large_image","twitter_misc":{"Gesch\u00e4tzte Lesezeit":"2\u00a0Minuten"},"schema":{"@context":"https:\/\/schema.org","@graph":[{"@type":"WebPage","@id":"https:\/\/www.cristinanaan.com\/?page_id=13433","url":"https:\/\/www.cristinanaan.com\/?page_id=13433","name":"Erfahrung - Cristina Naan","isPartOf":{"@id":"https:\/\/www.cristinanaan.com\/#website"},"primaryImageOfPage":{"@id":"https:\/\/www.cristinanaan.com\/?page_id=13433#primaryimage"},"image":{"@id":"https:\/\/www.cristinanaan.com\/?page_id=13433#primaryimage"},"thumbnailUrl":"http:\/\/www.cristinanaan.com\/wp-content\/uploads\/2024\/02\/MG_7847-1024x683.jpg","datePublished":"2024-03-12T09:38:11+00:00","dateModified":"2024-04-27T16:54:13+00:00","breadcrumb":{"@id":"https:\/\/www.cristinanaan.com\/?page_id=13433#breadcrumb"},"inLanguage":"de","potentialAction":[{"@type":"ReadAction","target":["https:\/\/www.cristinanaan.com\/?page_id=13433"]}]},{"@type":"ImageObject","inLanguage":"de","@id":"https:\/\/www.cristinanaan.com\/?page_id=13433#primaryimage","url":"http:\/\/www.cristinanaan.com\/wp-content\/uploads\/2024\/02\/MG_7847-1024x683.jpg","contentUrl":"http:\/\/www.cristinanaan.com\/wp-content\/uploads\/2024\/02\/MG_7847-1024x683.jpg"},{"@type":"BreadcrumbList","@id":"https:\/\/www.cristinanaan.com\/?page_id=13433#breadcrumb","itemListElement":[{"@type":"ListItem","position":1,"name":"Home","item":"https:\/\/www.cristinanaan.com\/"},{"@type":"ListItem","position":2,"name":"Erfahrung"}]},{"@type":"WebSite","@id":"https:\/\/www.cristinanaan.com\/#website","url":"https:\/\/www.cristinanaan.com\/","name":"Cristina Naan","description":"Destination Wedding Photographer \u2013 Lake Como, Paris, California &amp; Worldwide","potentialAction":[{"@type":"SearchAction","target":{"@type":"EntryPoint","urlTemplate":"https:\/\/www.cristinanaan.com\/?s={search_term_string}"},"query-input":{"@type":"PropertyValueSpecification","valueRequired":true,"valueName":"search_term_string"}}],"inLanguage":"de"}]}},"_links":{"self":[{"href":"https:\/\/www.cristinanaan.com\/de\/wp-json\/wp\/v2\/pages\/13516","targetHints":{"allow":["GET"]}}],"collection":[{"href":"https:\/\/www.cristinanaan.com\/de\/wp-json\/wp\/v2\/pages"}],"about":[{"href":"https:\/\/www.cristinanaan.com\/de\/wp-json\/wp\/v2\/types\/page"}],"author":[{"embeddable":true,"href":"https:\/\/www.cristinanaan.com\/de\/wp-json\/wp\/v2\/users\/1"}],"replies":[{"embeddable":true,"href":"https:\/\/www.cristinanaan.com\/de\/wp-json\/wp\/v2\/comments?post=13516"}],"version-history":[{"count":12,"href":"https:\/\/www.cristinanaan.com\/de\/wp-json\/wp\/v2\/pages\/13516\/revisions"}],"predecessor-version":[{"id":13860,"href":"https:\/\/www.cristinanaan.com\/de\/wp-json\/wp\/v2\/pages\/13516\/revisions\/13860"}],"wp:attachment":[{"href":"https:\/\/www.cristinanaan.com\/de\/wp-json\/wp\/v2\/media?parent=13516"}],"curies":[{"name":"wp","href":"https:\/\/api.w.org\/{rel}","templated":true}]}}