{"id":12346,"date":"2022-10-18T11:47:13","date_gmt":"2022-10-18T09:47:13","guid":{"rendered":"https:\/\/www.cristinanaan.com\/blog\/"},"modified":"2024-06-23T10:38:29","modified_gmt":"2024-06-23T08:38:29","slug":"blog","status":"publish","type":"page","link":"https:\/\/www.cristinanaan.com\/de\/blog\/","title":{"rendered":"JOURNAL"},"content":{"rendered":"\t\t<div data-elementor-type=\"wp-page\" data-elementor-id=\"12346\" class=\"elementor elementor-12346 elementor-1303\">\n\t\t\t\t<div class=\"elementor-element elementor-element-78cca9b e-flex e-con-boxed e-con e-parent\" data-id=\"78cca9b\" data-element_type=\"container\">\n\t\t\t\t\t<div class=\"e-con-inner\">\n\t\t\t\t<div class=\"elementor-element elementor-element-bf2db62 elementor-widget elementor-widget-heading\" data-id=\"bf2db62\" data-element_type=\"widget\" data-widget_type=\"heading.default\">\n\t\t\t\t<div class=\"elementor-widget-container\">\n\t\t\t\t\t<h2 class=\"elementor-heading-title elementor-size-default\">BLOG<\/h2>\t\t\t\t<\/div>\n\t\t\t\t<\/div>\n\t\t\t\t\t<\/div>\n\t\t\t\t<\/div>\n\t\t<div class=\"elementor-element elementor-element-f68474e e-flex e-con-boxed e-con e-parent\" data-id=\"f68474e\" data-element_type=\"container\">\n\t\t\t\t\t<div class=\"e-con-inner\">\n\t\t\t\t<div class=\"elementor-element elementor-element-fef563c elementor-widget elementor-widget-text-editor\" data-id=\"fef563c\" data-element_type=\"widget\" data-widget_type=\"text-editor.default\">\n\t\t\t\t<div class=\"elementor-widget-container\">\n\t\t\t\t\t\t\t\t\t<p>Der Ort wo Reisen, Stil und Photographie Inspiration formen.<\/p>\n\t\t\t\t\t\t\t\t<\/div>\n\t\t\t\t<\/div>\n\t\t\t\t\t<\/div>\n\t\t\t\t<\/div>\n\t\t\t\t<section class=\"elementor-section elementor-top-section elementor-element elementor-element-9bf0c66 elementor-section-full_width elementor-section-height-default elementor-section-height-default qodef-elementor-content-no\" data-id=\"9bf0c66\" data-element_type=\"section\">\n\t\t\t\t\t\t<div class=\"elementor-container elementor-column-gap-default\">\n\t\t\t\t\t<div class=\"elementor-column elementor-col-100 elementor-top-column elementor-element elementor-element-693b008\" data-id=\"693b008\" data-element_type=\"column\">\n\t\t\t<div class=\"elementor-widget-wrap elementor-element-populated\">\n\t\t\t\t\t\t<div class=\"elementor-element elementor-element-976e32d elementor-widget elementor-widget-cassia_core_blog_list\" data-id=\"976e32d\" data-element_type=\"widget\" data-widget_type=\"cassia_core_blog_list.default\">\n\t\t\t\t<div class=\"elementor-widget-container\">\n\t\t\t\t\t<div class=\"qodef-shortcode qodef-m  qodef-blog qodef--list qodef-item-layout--standard qodef-grid qodef-layout--masonry  qodef-gutter--huge qodef-col-num--2 qodef-item-layout--standard qodef-pagination--on qodef-pagination-type--standard qodef-responsive--predefined\" data-options=\"{&quot;plugin&quot;:&quot;cassia_core&quot;,&quot;module&quot;:&quot;blog\\\/shortcodes&quot;,&quot;shortcode&quot;:&quot;blog-list&quot;,&quot;post_type&quot;:&quot;post&quot;,&quot;next_page&quot;:&quot;2&quot;,&quot;max_pages_num&quot;:1,&quot;behavior&quot;:&quot;masonry&quot;,&quot;columns&quot;:&quot;2&quot;,&quot;columns_responsive&quot;:&quot;predefined&quot;,&quot;space&quot;:&quot;huge&quot;,&quot;posts_per_page&quot;:&quot;5&quot;,&quot;orderby&quot;:&quot;date&quot;,&quot;order&quot;:&quot;ASC&quot;,&quot;layout&quot;:&quot;standard&quot;,&quot;title_tag&quot;:&quot;h2&quot;,&quot;pagination_type&quot;:&quot;standard&quot;,&quot;object_class_name&quot;:&quot;CassiaCore_Blog_List_Shortcode&quot;,&quot;taxonomy_filter&quot;:&quot;category&quot;,&quot;space_value&quot;:40}\">\n\t\t<div class=\"qodef-grid-inner clear\">\n\t\t\t<div class=\"qodef-grid-masonry-sizer\"><\/div>\n\t<div class=\"qodef-grid-masonry-gutter\"><\/div>\n<article class=\"qodef-e qodef-blog-item qodef-grid-item  post-12234 post type-post status-publish format-standard has-post-thumbnail hentry category-allgemein-de tag-hochzeit tag-hochzeitsdaten tag-hochzeitsplanung tag-liebe-und-numerologie tag-numorologie tag-symbolische-daten tag-symbolism-de\">\n\t<div class=\"qodef-e-inner\">\n\t\t<div class=\"qodef-e-media\">\n\t\t<div class=\"qodef-e-media-image\">\n\t\t<a itemprop=\"url\" href=\"https:\/\/www.cristinanaan.com\/de\/2024\/01\/07\/numerologie-beste-hochzeitstermine-2024\/\">\n\t\t\t<img fetchpriority=\"high\" decoding=\"async\" width=\"1050\" height=\"700\" src=\"https:\/\/www.cristinanaan.com\/wp-content\/uploads\/2023\/11\/CRW_8316.jpg\" class=\"attachment-full size-full\" alt=\"\" srcset=\"https:\/\/www.cristinanaan.com\/wp-content\/uploads\/2023\/11\/CRW_8316.jpg 1050w, https:\/\/www.cristinanaan.com\/wp-content\/uploads\/2023\/11\/CRW_8316-300x200.jpg 300w, https:\/\/www.cristinanaan.com\/wp-content\/uploads\/2023\/11\/CRW_8316-1024x683.jpg 1024w, https:\/\/www.cristinanaan.com\/wp-content\/uploads\/2023\/11\/CRW_8316-768x512.jpg 768w, https:\/\/www.cristinanaan.com\/wp-content\/uploads\/2023\/11\/CRW_8316-600x400.jpg 600w\" sizes=\"(max-width: 1050px) 100vw, 1050px\" \/>\t\t<\/a>\n\t<\/div>\n<\/div>\n\t\t<div class=\"qodef-e-content\">\n\t\t\t<div class=\"qodef-e-top-holder\">\n\t\t\t\t<div class=\"qodef-e-info\">\n\t\t\t\t\t<a itemprop=\"dateCreated\" href=\"https:\/\/www.cristinanaan.com\/de\/2024\/01\/\" class=\"entry-date \">\n\t7. Januar 2024<\/a><div class=\"qodef-info-separator-end\"><\/div>\n<a href=\"https:\/\/www.cristinanaan.com\/de\/category\/allgemein-de\/\" rel=\"tag\">Allgemein<\/a><div class=\"qodef-info-separator-end\"><\/div>\t\t\t\t<\/div>\n\t\t\t<\/div>\n\t\t\t<div class=\"qodef-e-text\">\n\t\t\t\t<h2 itemprop=\"name\" class=\"qodef-e-title entry-title\" >\n\t<a itemprop=\"url\" class=\"qodef-e-title-link\" href=\"https:\/\/www.cristinanaan.com\/de\/2024\/01\/07\/numerologie-beste-hochzeitstermine-2024\/\">\n\t\tNumerology &#8211; Beste Hochzeitsdaten in 2024\t<\/a>\n<\/h2>\n\t\t<p itemprop=\"description\" class=\"qodef-e-excerpt\">Einmal in die Magie der Zahlen eintauchen. Erfahre mehr \u00fcber Numerologie und wie Euer Tag unter einem besonderen Stern stehen kann.<\/p>\n\t\t\t\t\t<\/div>\n\t\t\t<div class=\"qodef-e-bottom-holder\">\n                \t<div class=\"qodef-e-read-more\">\n\t\t<a class=\"qodef-shortcode qodef-m  qodef-button qodef-layout--textual  qodef-html--link \" href=\"https:\/\/www.cristinanaan.com\/de\/2024\/01\/07\/numerologie-beste-hochzeitstermine-2024\/\" target=\"_self\"  >\t<span class=\"qodef-m-text\">Read More<\/span>    <span class=\"qodef-m-icon\">\t    <svg class=\"qodef-svg--button-arrow\" xmlns=\"http:\/\/www.w3.org\/2000\/svg\" width=\"26.525\" height=\"14.754\" viewBox=\"0 0 26.525 14.754\"><path d=\"M0 7.377h19.383\"\/><path d=\"M19.227.078s1.161 7.3 7.3 7.3\"\/><path d=\"M19.227 14.675s1.161-7.3 7.3-7.3\"\/><\/svg>\t        <\/span><\/a>\t<\/div>\n\t\t\t<\/div>\n\t\t<\/div>\n\t<\/div>\n<\/article>\n<article class=\"qodef-e qodef-blog-item qodef-grid-item  post-14323 post type-post status-publish format-standard has-post-thumbnail hentry category-destination-wedding-de category-italien category-reisen tag-hochzeitsplanung tag-kreativ tag-reisen\">\n\t<div class=\"qodef-e-inner\">\n\t\t<div class=\"qodef-e-media\">\n\t\t<div class=\"qodef-e-media-image\">\n\t\t<a itemprop=\"url\" href=\"https:\/\/www.cristinanaan.com\/de\/2024\/06\/21\/exploring-como\/\">\n\t\t\t<img decoding=\"async\" width=\"945\" height=\"630\" src=\"https:\/\/www.cristinanaan.com\/wp-content\/uploads\/2022\/10\/como_destination_wedding_travel_tips.jpg\" class=\"attachment-full size-full\" alt=\"\" srcset=\"https:\/\/www.cristinanaan.com\/wp-content\/uploads\/2022\/10\/como_destination_wedding_travel_tips.jpg 945w, https:\/\/www.cristinanaan.com\/wp-content\/uploads\/2022\/10\/como_destination_wedding_travel_tips-300x200.jpg 300w, https:\/\/www.cristinanaan.com\/wp-content\/uploads\/2022\/10\/como_destination_wedding_travel_tips-768x512.jpg 768w, https:\/\/www.cristinanaan.com\/wp-content\/uploads\/2022\/10\/como_destination_wedding_travel_tips-600x400.jpg 600w\" sizes=\"(max-width: 945px) 100vw, 945px\" \/>\t\t<\/a>\n\t<\/div>\n<\/div>\n\t\t<div class=\"qodef-e-content\">\n\t\t\t<div class=\"qodef-e-top-holder\">\n\t\t\t\t<div class=\"qodef-e-info\">\n\t\t\t\t\t<a itemprop=\"dateCreated\" href=\"https:\/\/www.cristinanaan.com\/de\/2024\/06\/\" class=\"entry-date \">\n\t21. Juni 2024<\/a><div class=\"qodef-info-separator-end\"><\/div>\n<a href=\"https:\/\/www.cristinanaan.com\/de\/category\/destination-wedding-de\/\" rel=\"tag\">Destination wedding<\/a><span class=\"qodef-info-separator-single\"><\/span><a href=\"https:\/\/www.cristinanaan.com\/de\/category\/italien\/\" rel=\"tag\">Italien<\/a><span class=\"qodef-info-separator-single\"><\/span><a href=\"https:\/\/www.cristinanaan.com\/de\/category\/reisen\/\" rel=\"tag\">Reisen<\/a><div class=\"qodef-info-separator-end\"><\/div>\t\t\t\t<\/div>\n\t\t\t<\/div>\n\t\t\t<div class=\"qodef-e-text\">\n\t\t\t\t<h2 itemprop=\"name\" class=\"qodef-e-title entry-title\" >\n\t<a itemprop=\"url\" class=\"qodef-e-title-link\" href=\"https:\/\/www.cristinanaan.com\/de\/2024\/06\/21\/exploring-como\/\">\n\t\tEin Tag in Como\t<\/a>\n<\/h2>\n\t\t<p itemprop=\"description\" class=\"qodef-e-excerpt\">Vielleicht habt ihr euch f\u00fcr eine Destination Wedding am Comer See entschieden oder m\u00f6chtet ein wenig Sightseeing in den bezaubernden St\u00e4dten rund um den See machen, wisst aber nicht, wo ihr starten sollt. Der Comer See ist voller versteckter Juwelen, und Como ist eines davon. Entlang der ruhigen Ufer des Comer Sees erwartet euch ein [&hellip;]<\/p>\n\t\t\t\t\t<\/div>\n\t\t\t<div class=\"qodef-e-bottom-holder\">\n                \t<div class=\"qodef-e-read-more\">\n\t\t<a class=\"qodef-shortcode qodef-m  qodef-button qodef-layout--textual  qodef-html--link \" href=\"https:\/\/www.cristinanaan.com\/de\/2024\/06\/21\/exploring-como\/\" target=\"_self\"  >\t<span class=\"qodef-m-text\">Read More<\/span>    <span class=\"qodef-m-icon\">\t    <svg class=\"qodef-svg--button-arrow\" xmlns=\"http:\/\/www.w3.org\/2000\/svg\" width=\"26.525\" height=\"14.754\" viewBox=\"0 0 26.525 14.754\"><path d=\"M0 7.377h19.383\"\/><path d=\"M19.227.078s1.161 7.3 7.3 7.3\"\/><path d=\"M19.227 14.675s1.161-7.3 7.3-7.3\"\/><\/svg>\t        <\/span><\/a>\t<\/div>\n\t\t\t<\/div>\n\t\t<\/div>\n\t<\/div>\n<\/article>\n\t<\/div>\n\t<\/div>\n\t\t\t\t<\/div>\n\t\t\t\t<\/div>\n\t\t\t\t\t<\/div>\n\t\t<\/div>\n\t\t\t\t\t<\/div>\n\t\t<\/section>\n\t\t\t\t<\/div>\n\t\t","protected":false},"excerpt":{"rendered":"<p>JOURNAL Der Ort wo Reisen, Stil und Photographie Inspiration formen. 7. January 2024 General Numerology \u2013 Best wedding dates 2024 Delve into numerology&#8217;s magic for weddings. Uncover date significance and add mystique to your special day with meaningful numbers. Read More 21. June 2024 Destination weddingItalyTravelling Exploring Como: From Morning Coffee to Sunset Strolls Nestled [&hellip;]<\/p>\n","protected":false},"author":1,"featured_media":0,"parent":0,"menu_order":0,"comment_status":"closed","ping_status":"closed","template":"","meta":{"_monsterinsights_skip_tracking":false,"_monsterinsights_sitenote_active":false,"_monsterinsights_sitenote_note":"","_monsterinsights_sitenote_category":0,"footnotes":""},"class_list":["post-12346","page","type-page","status-publish","hentry"],"aioseo_notices":[],"yoast_head":"<!-- This site is optimized with the Yoast SEO plugin v26.2 - https:\/\/yoast.com\/wordpress\/plugins\/seo\/ -->\n<title>JOURNAL - Cristina Naan<\/title>\n<meta name=\"robots\" content=\"index, follow, max-snippet:-1, max-image-preview:large, max-video-preview:-1\" \/>\n<link rel=\"canonical\" href=\"https:\/\/www.cristinanaan.com\/de\/blog\/\" \/>\n<meta property=\"og:locale\" content=\"de_DE\" \/>\n<meta property=\"og:type\" content=\"article\" \/>\n<meta property=\"og:title\" content=\"JOURNAL - Cristina Naan\" \/>\n<meta property=\"og:description\" content=\"JOURNAL Der Ort wo Reisen, Stil und Photographie Inspiration formen. 7. January 2024 General Numerology \u2013 Best wedding dates 2024 Delve into numerology&#8217;s magic for weddings. Uncover date significance and add mystique to your special day with meaningful numbers. Read More 21. June 2024 Destination weddingItalyTravelling Exploring Como: From Morning Coffee to Sunset Strolls Nestled [&hellip;]\" \/>\n<meta property=\"og:url\" content=\"https:\/\/www.cristinanaan.com\/de\/blog\/\" \/>\n<meta property=\"og:site_name\" content=\"Cristina Naan\" \/>\n<meta property=\"article:modified_time\" content=\"2024-06-23T08:38:29+00:00\" \/>\n<meta property=\"og:image\" content=\"http:\/\/www.cristinanaan.com\/wp-content\/uploads\/2023\/11\/CRW_8316.jpg\" \/>\n<meta name=\"twitter:card\" content=\"summary_large_image\" \/>\n<meta name=\"twitter:label1\" content=\"Gesch\u00e4tzte Lesezeit\" \/>\n\t<meta name=\"twitter:data1\" content=\"1\u00a0Minute\" \/>\n<script type=\"application\/ld+json\" class=\"yoast-schema-graph\">{\"@context\":\"https:\/\/schema.org\",\"@graph\":[{\"@type\":\"WebPage\",\"@id\":\"https:\/\/www.cristinanaan.com\/de\/blog\/\",\"url\":\"https:\/\/www.cristinanaan.com\/de\/blog\/\",\"name\":\"JOURNAL - Cristina Naan\",\"isPartOf\":{\"@id\":\"https:\/\/www.cristinanaan.com\/#website\"},\"primaryImageOfPage\":{\"@id\":\"https:\/\/www.cristinanaan.com\/de\/blog\/#primaryimage\"},\"image\":{\"@id\":\"https:\/\/www.cristinanaan.com\/de\/blog\/#primaryimage\"},\"thumbnailUrl\":\"http:\/\/www.cristinanaan.com\/wp-content\/uploads\/2023\/11\/CRW_8316.jpg\",\"datePublished\":\"2022-10-18T09:47:13+00:00\",\"dateModified\":\"2024-06-23T08:38:29+00:00\",\"breadcrumb\":{\"@id\":\"https:\/\/www.cristinanaan.com\/de\/blog\/#breadcrumb\"},\"inLanguage\":\"de\",\"potentialAction\":[{\"@type\":\"ReadAction\",\"target\":[\"https:\/\/www.cristinanaan.com\/de\/blog\/\"]}]},{\"@type\":\"ImageObject\",\"inLanguage\":\"de\",\"@id\":\"https:\/\/www.cristinanaan.com\/de\/blog\/#primaryimage\",\"url\":\"http:\/\/www.cristinanaan.com\/wp-content\/uploads\/2023\/11\/CRW_8316.jpg\",\"contentUrl\":\"http:\/\/www.cristinanaan.com\/wp-content\/uploads\/2023\/11\/CRW_8316.jpg\"},{\"@type\":\"BreadcrumbList\",\"@id\":\"https:\/\/www.cristinanaan.com\/de\/blog\/#breadcrumb\",\"itemListElement\":[{\"@type\":\"ListItem\",\"position\":1,\"name\":\"Home\",\"item\":\"https:\/\/www.cristinanaan.com\/\"},{\"@type\":\"ListItem\",\"position\":2,\"name\":\"JOURNAL\"}]},{\"@type\":\"WebSite\",\"@id\":\"https:\/\/www.cristinanaan.com\/#website\",\"url\":\"https:\/\/www.cristinanaan.com\/\",\"name\":\"Cristina Naan\",\"description\":\"Destination Wedding Photographer \u2013 Lake Como, Paris, California &amp; Worldwide\",\"potentialAction\":[{\"@type\":\"SearchAction\",\"target\":{\"@type\":\"EntryPoint\",\"urlTemplate\":\"https:\/\/www.cristinanaan.com\/?s={search_term_string}\"},\"query-input\":{\"@type\":\"PropertyValueSpecification\",\"valueRequired\":true,\"valueName\":\"search_term_string\"}}],\"inLanguage\":\"de\"}]}<\/script>\n<!-- \/ Yoast SEO plugin. -->","yoast_head_json":{"title":"JOURNAL - Cristina Naan","robots":{"index":"index","follow":"follow","max-snippet":"max-snippet:-1","max-image-preview":"max-image-preview:large","max-video-preview":"max-video-preview:-1"},"canonical":"https:\/\/www.cristinanaan.com\/de\/blog\/","og_locale":"de_DE","og_type":"article","og_title":"JOURNAL - Cristina Naan","og_description":"JOURNAL Der Ort wo Reisen, Stil und Photographie Inspiration formen. 7. January 2024 General Numerology \u2013 Best wedding dates 2024 Delve into numerology&#8217;s magic for weddings. Uncover date significance and add mystique to your special day with meaningful numbers. Read More 21. June 2024 Destination weddingItalyTravelling Exploring Como: From Morning Coffee to Sunset Strolls Nestled [&hellip;]","og_url":"https:\/\/www.cristinanaan.com\/de\/blog\/","og_site_name":"Cristina Naan","article_modified_time":"2024-06-23T08:38:29+00:00","og_image":[{"url":"http:\/\/www.cristinanaan.com\/wp-content\/uploads\/2023\/11\/CRW_8316.jpg","type":"","width":"","height":""}],"twitter_card":"summary_large_image","twitter_misc":{"Gesch\u00e4tzte Lesezeit":"1\u00a0Minute"},"schema":{"@context":"https:\/\/schema.org","@graph":[{"@type":"WebPage","@id":"https:\/\/www.cristinanaan.com\/de\/blog\/","url":"https:\/\/www.cristinanaan.com\/de\/blog\/","name":"JOURNAL - Cristina Naan","isPartOf":{"@id":"https:\/\/www.cristinanaan.com\/#website"},"primaryImageOfPage":{"@id":"https:\/\/www.cristinanaan.com\/de\/blog\/#primaryimage"},"image":{"@id":"https:\/\/www.cristinanaan.com\/de\/blog\/#primaryimage"},"thumbnailUrl":"http:\/\/www.cristinanaan.com\/wp-content\/uploads\/2023\/11\/CRW_8316.jpg","datePublished":"2022-10-18T09:47:13+00:00","dateModified":"2024-06-23T08:38:29+00:00","breadcrumb":{"@id":"https:\/\/www.cristinanaan.com\/de\/blog\/#breadcrumb"},"inLanguage":"de","potentialAction":[{"@type":"ReadAction","target":["https:\/\/www.cristinanaan.com\/de\/blog\/"]}]},{"@type":"ImageObject","inLanguage":"de","@id":"https:\/\/www.cristinanaan.com\/de\/blog\/#primaryimage","url":"http:\/\/www.cristinanaan.com\/wp-content\/uploads\/2023\/11\/CRW_8316.jpg","contentUrl":"http:\/\/www.cristinanaan.com\/wp-content\/uploads\/2023\/11\/CRW_8316.jpg"},{"@type":"BreadcrumbList","@id":"https:\/\/www.cristinanaan.com\/de\/blog\/#breadcrumb","itemListElement":[{"@type":"ListItem","position":1,"name":"Home","item":"https:\/\/www.cristinanaan.com\/"},{"@type":"ListItem","position":2,"name":"JOURNAL"}]},{"@type":"WebSite","@id":"https:\/\/www.cristinanaan.com\/#website","url":"https:\/\/www.cristinanaan.com\/","name":"Cristina Naan","description":"Destination Wedding Photographer \u2013 Lake Como, Paris, California &amp; Worldwide","potentialAction":[{"@type":"SearchAction","target":{"@type":"EntryPoint","urlTemplate":"https:\/\/www.cristinanaan.com\/?s={search_term_string}"},"query-input":{"@type":"PropertyValueSpecification","valueRequired":true,"valueName":"search_term_string"}}],"inLanguage":"de"}]}},"_links":{"self":[{"href":"https:\/\/www.cristinanaan.com\/de\/wp-json\/wp\/v2\/pages\/12346","targetHints":{"allow":["GET"]}}],"collection":[{"href":"https:\/\/www.cristinanaan.com\/de\/wp-json\/wp\/v2\/pages"}],"about":[{"href":"https:\/\/www.cristinanaan.com\/de\/wp-json\/wp\/v2\/types\/page"}],"author":[{"embeddable":true,"href":"https:\/\/www.cristinanaan.com\/de\/wp-json\/wp\/v2\/users\/1"}],"replies":[{"embeddable":true,"href":"https:\/\/www.cristinanaan.com\/de\/wp-json\/wp\/v2\/comments?post=12346"}],"version-history":[{"count":6,"href":"https:\/\/www.cristinanaan.com\/de\/wp-json\/wp\/v2\/pages\/12346\/revisions"}],"predecessor-version":[{"id":14388,"href":"https:\/\/www.cristinanaan.com\/de\/wp-json\/wp\/v2\/pages\/12346\/revisions\/14388"}],"wp:attachment":[{"href":"https:\/\/www.cristinanaan.com\/de\/wp-json\/wp\/v2\/media?parent=12346"}],"curies":[{"name":"wp","href":"https:\/\/api.w.org\/{rel}","templated":true}]}}